{"id":4660,"date":"2020-02-29T11:53:03","date_gmt":"2020-02-29T10:53:03","guid":{"rendered":"https:\/\/madawaytours.com\/crociera-mitsio-4-giorni\/"},"modified":"2020-11-12T18:58:04","modified_gmt":"2020-11-12T17:58:04","slug":"mitsio-croisiere-4-jours","status":"publish","type":"page","link":"https:\/\/madawaytours.com\/fr\/mitsio-croisiere-4-jours\/","title":{"rendered":"Mitsio Croisiere 4 Jours"},"content":{"rendered":"<p>[vc_row row_type=\u00a0\u00bbrow\u00a0\u00bb use_row_as_full_screen_section=\u00a0\u00bbno\u00a0\u00bb type=\u00a0\u00bbgrid\u00a0\u00bb oblique_section=\u00a0\u00bbno\u00a0\u00bb text_align=\u00a0\u00bbleft\u00a0\u00bb css_animation=\u00a0\u00bbelement_from_fade\u00a0\u00bb box_shadow_on_row=\u00a0\u00bbno\u00a0\u00bb][vc_column][\/vc_column][vc_empty_space height=\u00a0\u00bb20px\u00a0\u00bb image_repeat=\u00a0\u00bbno-repeat\u00a0\u00bb][vc_column_text el_class=\u00a0\u00bbbianco\u00a0\u00bb]<\/p>\n<h2 style=\"text-align: center;\">Mitsio Croisiere<\/h2>\n<p>&nbsp;<\/p>\n<p>&nbsp;<\/p>\n<h3 style=\"text-align: center;\">4 Jours \/ 3 Nuits<\/h3>\n<p>[\/vc_column_text][vc_empty_space height=\u00a0\u00bb20px\u00a0\u00bb image_repeat=\u00a0\u00bbno-repeat\u00a0\u00bb][vc_row row_type=\u00a0\u00bbrow\u00a0\u00bb use_row_as_full_screen_section=\u00a0\u00bbno\u00a0\u00bb type=\u00a0\u00bbfull_width\u00a0\u00bb oblique_section=\u00a0\u00bbno\u00a0\u00bb text_align=\u00a0\u00bbleft\u00a0\u00bb background_color=\u00a0\u00bb#ffffff\u00a0\u00bb css_animation=\u00a0\u00bb\u00a0\u00bb box_shadow_on_row=\u00a0\u00bbno\u00a0\u00bb][\/vc_row][vc_row row_type=\u00a0\u00bbrow\u00a0\u00bb use_row_as_full_screen_section=\u00a0\u00bbno\u00a0\u00bb type=\u00a0\u00bbfull_width\u00a0\u00bb oblique_section=\u00a0\u00bbno\u00a0\u00bb text_align=\u00a0\u00bbleft\u00a0\u00bb css_animation=\u00a0\u00bb\u00a0\u00bb box_shadow_on_row=\u00a0\u00bbno\u00a0\u00bb][vc_column][vc_single_image image=\u00a0\u00bb3444&Prime; img_size=\u00a0\u00bbfull\u00a0\u00bb alignment=\u00a0\u00bbcenter\u00a0\u00bb qode_css_animation=\u00a0\u00bb\u00a0\u00bb][vc_empty_space height=\u00a0\u00bb50px\u00a0\u00bb image_repeat=\u00a0\u00bbno-repeat\u00a0\u00bb][vc_column_text]<\/p>\n<p class=\"p1\"><strong>Jour 1\u00a0\u00a0<\/strong><br \/>\nD\u00e9part \u00e0 12.00 du port d\u2019Ankify et en direction de Nosy Komba pour une premi\u00e8re plong\u00e9e.<br \/>\nContinuation pour Nosy Faly.<br \/>\nD\u00e9jeuner \u00e0 bord<br \/>\nVisite du village de Nosy Faly \u00e0 notre arriv\u00e9e.<br \/>\nD\u00eener et nuit \u00e0 bord<\/p>\n<p class=\"p1\"><strong>Jour 2\u00a0\u00a0<\/strong><br \/>\nD\u00e9part pour Tsarabanjina.<\/p>\n<p class=\"p1\">D\u00e9tente sur les belles plages de sable blanc et snorkelling dans les eaux cristallines.<br \/>\nNous atteindrons MitsioMarimbe pour le coucher du soleil.<br \/>\nD\u00eener et nuit \u00e0 bord<\/p>\n<p class=\"p1\"><strong>Jour 3\u00a0<\/strong><br \/>\nD\u00e9part en direction d\u2019Ankarea, une heure de navigation.<\/p>\n<p class=\"p1\">D\u00e9tente sur les belles plages de sable blanc et baignade au-dessus des coraux<br \/>\nD\u00e9jeuner \u00e0 bord<\/p>\n<p class=\"p1\">Nous contournerons l\u2019\u00eele dans l\u2019apr\u00e8s-midi. Possibilit\u00e9 de p\u00eacher.<br \/>\nRetour \u00e0 Marimbe<br \/>\nD\u00eener et nuit \u00e0 bord<\/p>\n<p class=\"p1\"><strong>Jour 4\u00a0\u00a0<\/strong><br \/>\nDernier jour de croisi\u00e8re pour retourner sur Nosy Be.<br \/>\nD\u00e9jeuner \u00e0 bord avant d\u00e9barquement, puis transfert \u00e0 votre h\u00f4tel.<\/p>\n<p>[\/vc_column_text][vc_empty_space height=\u00a0\u00bb100px\u00a0\u00bb image_repeat=\u00a0\u00bbno-repeat\u00a0\u00bb][\/vc_column][\/vc_row]<\/p>\n","protected":false},"excerpt":{"rendered":"<p>[vc_row row_type=\u00a0\u00bbrow\u00a0\u00bb use_row_as_full_screen_section=\u00a0\u00bbno\u00a0\u00bb type=\u00a0\u00bbgrid\u00a0\u00bb oblique_section=\u00a0\u00bbno\u00a0\u00bb text_align=\u00a0\u00bbleft\u00a0\u00bb css_animation=\u00a0\u00bbelement_from_fade\u00a0\u00bb box_shadow_on_row=\u00a0\u00bbno\u00a0\u00bb][vc_column][\/vc_column][vc_empty_space height=\u00a0\u00bb20px\u00a0\u00bb image_repeat=\u00a0\u00bbno-repeat\u00a0\u00bb][vc_column_text el_class=\u00a0\u00bbbianco\u00a0\u00bb] Mitsio Croisiere &nbsp; &nbsp; 4 Jours \/ 3 Nuits [\/vc_column_text][vc_empty_space height=\u00a0\u00bb20px\u00a0\u00bb image_repeat=\u00a0\u00bbno-repeat\u00a0\u00bb][vc_row row_type=\u00a0\u00bbrow\u00a0\u00bb use_row_as_full_screen_section=\u00a0\u00bbno\u00a0\u00bb type=\u00a0\u00bbfull_width\u00a0\u00bb oblique_section=\u00a0\u00bbno\u00a0\u00bb text_align=\u00a0\u00bbleft\u00a0\u00bb background_color=\u00a0\u00bb#ffffff\u00a0\u00bb css_animation=\u00a0\u00bb\u00a0\u00bb box_shadow_on_row=\u00a0\u00bbno\u00a0\u00bb][\/vc_row][vc_row row_type=\u00a0\u00bbrow\u00a0\u00bb use_row_as_full_screen_section=\u00a0\u00bbno\u00a0\u00bb type=\u00a0\u00bbfull_width\u00a0\u00bb oblique_section=\u00a0\u00bbno\u00a0\u00bb text_align=\u00a0\u00bbleft\u00a0\u00bb css_animation=\u00a0\u00bb\u00a0\u00bb box_shadow_on_row=\u00a0\u00bbno\u00a0\u00bb][vc_column][vc_single_image image=\u00a0\u00bb3444&Prime; img_size=\u00a0\u00bbfull\u00a0\u00bb alignment=\u00a0\u00bbcenter\u00a0\u00bb qode_css_animation=\u00a0\u00bb\u00a0\u00bb][vc_empty_space height=\u00a0\u00bb50px\u00a0\u00bb image_repeat=\u00a0\u00bbno-repeat\u00a0\u00bb][vc_column_text] Jour&#8230;<\/p>\n","protected":false},"author":4,"featured_media":0,"parent":0,"menu_order":0,"comment_status":"closed","ping_status":"closed","template":"","meta":{"footnotes":""},"class_list":["post-4660","page","type-page","status-publish","hentry"],"_links":{"self":[{"href":"https:\/\/madawaytours.com\/fr\/wp-json\/wp\/v2\/pages\/4660"}],"collection":[{"href":"https:\/\/madawaytours.com\/fr\/wp-json\/wp\/v2\/pages"}],"about":[{"href":"https:\/\/madawaytours.com\/fr\/wp-json\/wp\/v2\/types\/page"}],"author":[{"embeddable":true,"href":"https:\/\/madawaytours.com\/fr\/wp-json\/wp\/v2\/users\/4"}],"replies":[{"embeddable":true,"href":"https:\/\/madawaytours.com\/fr\/wp-json\/wp\/v2\/comments?post=4660"}],"version-history":[{"count":4,"href":"https:\/\/madawaytours.com\/fr\/wp-json\/wp\/v2\/pages\/4660\/revisions"}],"predecessor-version":[{"id":4999,"href":"https:\/\/madawaytours.com\/fr\/wp-json\/wp\/v2\/pages\/4660\/revisions\/4999"}],"wp:attachment":[{"href":"https:\/\/madawaytours.com\/fr\/wp-json\/wp\/v2\/media?parent=4660"}],"curies":[{"name":"wp","href":"https:\/\/api.w.org\/{rel}","templated":true}]}}