{"id":4673,"date":"2020-02-29T13:26:33","date_gmt":"2020-02-29T12:26:33","guid":{"rendered":"https:\/\/madawaytours.com\/crociera-mitsio-5-giorni\/"},"modified":"2020-11-12T18:55:19","modified_gmt":"2020-11-12T17:55:19","slug":"croisiere-mitsio-5-jours","status":"publish","type":"page","link":"https:\/\/madawaytours.com\/fr\/croisiere-mitsio-5-jours\/","title":{"rendered":"Croisiere Mitsio 5 Jours"},"content":{"rendered":"<p>[vc_row row_type=\u00a0\u00bbrow\u00a0\u00bb use_row_as_full_screen_section=\u00a0\u00bbno\u00a0\u00bb type=\u00a0\u00bbgrid\u00a0\u00bb oblique_section=\u00a0\u00bbno\u00a0\u00bb text_align=\u00a0\u00bbleft\u00a0\u00bb css_animation=\u00a0\u00bbelement_from_fade\u00a0\u00bb box_shadow_on_row=\u00a0\u00bbno\u00a0\u00bb][vc_column][\/vc_column][vc_empty_space height=\u00a0\u00bb20px\u00a0\u00bb image_repeat=\u00a0\u00bbno-repeat\u00a0\u00bb][vc_column_text el_class=\u00a0\u00bbbianco\u00a0\u00bb]<\/p>\n<h2 style=\"text-align: center;\">Croisiere Mitsio<\/h2>\n<p>&nbsp;<\/p>\n<p>&nbsp;<\/p>\n<h3 style=\"text-align: center;\">5 Jours \/ 4 Nuits<\/h3>\n<p>[\/vc_column_text][vc_empty_space height=\u00a0\u00bb20px\u00a0\u00bb image_repeat=\u00a0\u00bbno-repeat\u00a0\u00bb][vc_row row_type=\u00a0\u00bbrow\u00a0\u00bb use_row_as_full_screen_section=\u00a0\u00bbno\u00a0\u00bb type=\u00a0\u00bbfull_width\u00a0\u00bb oblique_section=\u00a0\u00bbno\u00a0\u00bb text_align=\u00a0\u00bbleft\u00a0\u00bb css_animation=\u00a0\u00bb\u00a0\u00bb box_shadow_on_row=\u00a0\u00bbno\u00a0\u00bb][\/vc_row][vc_row row_type=\u00a0\u00bbrow\u00a0\u00bb use_row_as_full_screen_section=\u00a0\u00bbno\u00a0\u00bb type=\u00a0\u00bbfull_width\u00a0\u00bb oblique_section=\u00a0\u00bbno\u00a0\u00bb text_align=\u00a0\u00bbleft\u00a0\u00bb css_animation=\u00a0\u00bb\u00a0\u00bb box_shadow_on_row=\u00a0\u00bbno\u00a0\u00bb][vc_column][vc_single_image image=\u00a0\u00bb3429&Prime; img_size=\u00a0\u00bbfull\u00a0\u00bb alignment=\u00a0\u00bbcenter\u00a0\u00bb qode_css_animation=\u00a0\u00bb\u00a0\u00bb][vc_empty_space height=\u00a0\u00bb50px\u00a0\u00bb image_repeat=\u00a0\u00bbno-repeat\u00a0\u00bb][vc_column_text]<\/p>\n<p class=\"p1\"><strong>Jour 1<\/strong><br \/>\nEmbarquement et navigation vers la r\u00e9serve sous-marine Tanikely, v\u00e9ritable aquarium naturel. Ancrage et baignade pour d\u00e9couvrir les tortues marines ou encore les poissons multicolores. D\u00e9jeuner \u00e0 bord et navigation vers Nosy Komba. Visite de l\u2019\u00eele, son village, et l\u2019artisanat local. D\u00e9couverte des \u00eelots environants et baignade dans l\u2019eau claire.<br \/>\nDiner et nuit \u00e0 bord.<\/p>\n<p class=\"p2\"><strong>Jour 2<br \/>\n<\/strong>D\u00e9part de bonne heure pour la baie de la Grande Mitsio, Ancrage devant la superbe plage de sable fin d\u2019Ampasindava pour la journ\u00e9e. Le soir, mouillage prot\u00e9g\u00e9 au fond de la baie.<br \/>\nDiner et nuit \u00e0 bord.<\/p>\n<p class=\"p2\"><strong>Jour 3<br \/>\n<\/strong>D\u00e9part vers Ankar\u00e9a, \u00e0 une heure de navigation. Visite de la tr\u00e8s belle plage, baignade sur le tombant corallien, d\u00e9jeuner \u00e0 bord. L\u2019apr\u00e8s-midi, d\u00e9part pour un tour de l\u2019\u00eele en bateau: p\u00eache \u00e0 la tra\u00eene. Retour au mouillage \u00e0 Marimbe, diner et nuit \u00e0 bord.<\/p>\n<p class=\"p2\"><strong>Jour 4<br \/>\n<\/strong>Navigation pour Tsarabanjina. Mouillage devant la superbe plage de sable blanc, plongeon dans l\u2018eau turquoise, snorkeling sur les tr\u00e8s beaux coraux de l\u2019\u00eele. En fin d\u2019apr\u00e8s-midi, retour vers Marimbe ou mouillage devant Tsarabanjina selon la m\u00e9t\u00e9o.<\/p>\n<p class=\"p2\"><strong>Jour 5<br \/>\n<\/strong>D\u00e9part de bonne heure pour l\u2019\u00eele aux orchid\u00e9es, Sakatia, d\u00e9jeuner devant l\u2019\u00eele et d\u00e9part en milieu d\u2019apr\u00e8s-midi pour Nosy Be. D\u00e9barquement vers 17 heures et transfert \u00e0 votre h\u00f4tel.<\/p>\n<p>[\/vc_column_text][vc_empty_space height=\u00a0\u00bb100px\u00a0\u00bb image_repeat=\u00a0\u00bbno-repeat\u00a0\u00bb][\/vc_column][\/vc_row]<\/p>\n","protected":false},"excerpt":{"rendered":"<p>[vc_row row_type=\u00a0\u00bbrow\u00a0\u00bb use_row_as_full_screen_section=\u00a0\u00bbno\u00a0\u00bb type=\u00a0\u00bbgrid\u00a0\u00bb oblique_section=\u00a0\u00bbno\u00a0\u00bb text_align=\u00a0\u00bbleft\u00a0\u00bb css_animation=\u00a0\u00bbelement_from_fade\u00a0\u00bb box_shadow_on_row=\u00a0\u00bbno\u00a0\u00bb][vc_column][\/vc_column][vc_empty_space height=\u00a0\u00bb20px\u00a0\u00bb image_repeat=\u00a0\u00bbno-repeat\u00a0\u00bb][vc_column_text el_class=\u00a0\u00bbbianco\u00a0\u00bb] Croisiere Mitsio &nbsp; &nbsp; 5 Jours \/ 4 Nuits [\/vc_column_text][vc_empty_space height=\u00a0\u00bb20px\u00a0\u00bb image_repeat=\u00a0\u00bbno-repeat\u00a0\u00bb][vc_row row_type=\u00a0\u00bbrow\u00a0\u00bb use_row_as_full_screen_section=\u00a0\u00bbno\u00a0\u00bb type=\u00a0\u00bbfull_width\u00a0\u00bb oblique_section=\u00a0\u00bbno\u00a0\u00bb text_align=\u00a0\u00bbleft\u00a0\u00bb css_animation=\u00a0\u00bb\u00a0\u00bb box_shadow_on_row=\u00a0\u00bbno\u00a0\u00bb][\/vc_row][vc_row row_type=\u00a0\u00bbrow\u00a0\u00bb use_row_as_full_screen_section=\u00a0\u00bbno\u00a0\u00bb type=\u00a0\u00bbfull_width\u00a0\u00bb oblique_section=\u00a0\u00bbno\u00a0\u00bb text_align=\u00a0\u00bbleft\u00a0\u00bb css_animation=\u00a0\u00bb\u00a0\u00bb box_shadow_on_row=\u00a0\u00bbno\u00a0\u00bb][vc_column][vc_single_image image=\u00a0\u00bb3429&Prime; img_size=\u00a0\u00bbfull\u00a0\u00bb alignment=\u00a0\u00bbcenter\u00a0\u00bb qode_css_animation=\u00a0\u00bb\u00a0\u00bb][vc_empty_space height=\u00a0\u00bb50px\u00a0\u00bb image_repeat=\u00a0\u00bbno-repeat\u00a0\u00bb][vc_column_text] Jour 1&#8230;<\/p>\n","protected":false},"author":4,"featured_media":0,"parent":0,"menu_order":0,"comment_status":"closed","ping_status":"closed","template":"","meta":{"footnotes":""},"class_list":["post-4673","page","type-page","status-publish","hentry"],"_links":{"self":[{"href":"https:\/\/madawaytours.com\/fr\/wp-json\/wp\/v2\/pages\/4673"}],"collection":[{"href":"https:\/\/madawaytours.com\/fr\/wp-json\/wp\/v2\/pages"}],"about":[{"href":"https:\/\/madawaytours.com\/fr\/wp-json\/wp\/v2\/types\/page"}],"author":[{"embeddable":true,"href":"https:\/\/madawaytours.com\/fr\/wp-json\/wp\/v2\/users\/4"}],"replies":[{"embeddable":true,"href":"https:\/\/madawaytours.com\/fr\/wp-json\/wp\/v2\/comments?post=4673"}],"version-history":[{"count":4,"href":"https:\/\/madawaytours.com\/fr\/wp-json\/wp\/v2\/pages\/4673\/revisions"}],"predecessor-version":[{"id":4993,"href":"https:\/\/madawaytours.com\/fr\/wp-json\/wp\/v2\/pages\/4673\/revisions\/4993"}],"wp:attachment":[{"href":"https:\/\/madawaytours.com\/fr\/wp-json\/wp\/v2\/media?parent=4673"}],"curies":[{"name":"wp","href":"https:\/\/api.w.org\/{rel}","templated":true}]}}