{"id":4681,"date":"2020-02-29T13:27:49","date_gmt":"2020-02-29T12:27:49","guid":{"rendered":"https:\/\/madawaytours.com\/crociera-radama-5-giorni\/"},"modified":"2020-11-12T18:52:15","modified_gmt":"2020-11-12T17:52:15","slug":"croisiere-radama-5-jours","status":"publish","type":"page","link":"https:\/\/madawaytours.com\/fr\/croisiere-radama-5-jours\/","title":{"rendered":"Croisiere Radama 5 Jours"},"content":{"rendered":"<p>[vc_row row_type=\u00a0\u00bbrow\u00a0\u00bb use_row_as_full_screen_section=\u00a0\u00bbno\u00a0\u00bb type=\u00a0\u00bbgrid\u00a0\u00bb oblique_section=\u00a0\u00bbno\u00a0\u00bb text_align=\u00a0\u00bbleft\u00a0\u00bb css_animation=\u00a0\u00bbelement_from_fade\u00a0\u00bb box_shadow_on_row=\u00a0\u00bbno\u00a0\u00bb][vc_empty_space height=\u00a0\u00bb20px\u00a0\u00bb image_repeat=\u00a0\u00bbno-repeat\u00a0\u00bb][vc_column_text el_class=\u00a0\u00bbbianco\u00a0\u00bb]<\/p>\n<h2 style=\"text-align: center;\">Croisiere Radama<\/h2>\n<p>&nbsp;<\/p>\n<p>&nbsp;<\/p>\n<h3 style=\"text-align: center;\">5 Jours \/ 4 Nuits<\/h3>\n<p>[\/vc_column_text][vc_empty_space height=\u00a0\u00bb20px\u00a0\u00bb image_repeat=\u00a0\u00bbno-repeat\u00a0\u00bb][vc_row row_type=\u00a0\u00bbrow\u00a0\u00bb use_row_as_full_screen_section=\u00a0\u00bbno\u00a0\u00bb type=\u00a0\u00bbfull_width\u00a0\u00bb oblique_section=\u00a0\u00bbno\u00a0\u00bb text_align=\u00a0\u00bbleft\u00a0\u00bb css_animation=\u00a0\u00bb\u00a0\u00bb box_shadow_on_row=\u00a0\u00bbno\u00a0\u00bb][vc_single_image image=\u00a0\u00bb3441&Prime; img_size=\u00a0\u00bbfull\u00a0\u00bb alignment=\u00a0\u00bbcenter\u00a0\u00bb qode_css_animation=\u00a0\u00bb\u00a0\u00bb][vc_empty_space height=\u00a0\u00bb50px\u00a0\u00bb image_repeat=\u00a0\u00bbno-repeat\u00a0\u00bb][vc_column_text]<\/p>\n<p class=\"p1\"><strong>Jour 1<\/strong><\/p>\n<p class=\"p1\">Accueil et embarquement des passagers au port.<br \/>\nD\u00e9part pour la r\u00e9serve naturelle sous-marine de Tanikely \u00e0 1 heure 30 de navigation.<br \/>\nD\u00e9couverte, \u00e0 faible profondeur du r\u00e9cif corallien tr\u00e8s riche et des poissons multicolores, tortues\u2026 Site r\u00e9put\u00e9 pour la plong\u00e9e sous-marine.<br \/>\nD\u00e9jeuner \u00e0 bord et d\u00e9part pour La Baie des Russes, \u00e0 4 heures de navigation, vaste embouchure de rivi\u00e8re offrant un mouillage id\u00e9al pour la nuit.<br \/>\nD\u00eener et nuit \u00e0 bord.<\/p>\n<p class=\"p1\"><strong>Jour 2<br \/>\n<\/strong>On l\u00e8ve l\u2018ancre pour la premi\u00e8re \u00eele des Radama, Kalakajoro \u00e0 32miles env. 6h de navigation.<br \/>\nD\u00e9jeuner en route, arriv\u00e9e devant la superbe plage dans l\u2019apr\u00e8s-midi et baignade dans l\u2018eau limpide, visite du village de p\u00eacheurs nomades, ou pour les plus courageux, promenade vers le village de charpentiers \u00e0 une heure de marche.<\/p>\n<p class=\"p1\"><strong>Jour 3<br \/>\n<\/strong>Petit d\u00e9jeuner et navigation vers Antany Mora \u00e0 1h30 de mer.<br \/>\nVisite des anciennes plantations de coco. D\u00e9jeuner \u00a0devant la plage de sable fin et baignade. En d\u00e9but d\u2019apr\u00e8s-midi, d\u00e9part pour Nosy Valiha \u00e0 1 heure de voile.<br \/>\nIle connue pour ses coraux vari\u00e9s, ses fonds marins tr\u00e8s poissonneux et la gentillesse de ses quelques habitants.<br \/>\nPossibilit\u00e9 de balade dans la tr\u00e8s belle v\u00e9g\u00e9tation.<br \/>\nAp\u00e9ritif contemplatif devant le coucher de soleil, d\u00eener et nuit \u00e0 bord.<\/p>\n<p class=\"p1\"><strong>Jour 4<br \/>\n<\/strong>D\u00e9part pour Baramahamay, 30 miles soit 6h env. de navigation pour arriver dans l\u2019antre de la rivi\u00e8re.<br \/>\nD\u00e9cor sauvage et tranquillit\u00e9 absolue.<br \/>\nD\u00e9couverte du village tr\u00e8s accueillant, puis remont\u00e9e en annexe au c\u0153ur de la mangrove, d\u00e9couverte de sa faune myst\u00e9rieuse.<br \/>\nD\u00eener et nuit \u00e0 bord.<\/p>\n<p>&nbsp;<\/p>\n<p class=\"p1\"><strong>Jour 5<\/strong><br \/>\nD\u00e9part pour Nosy Iranja surnomm\u00e9e \u00ab l\u2019\u00eele aux tortues \u00bb \u00e01h de navigation, d\u00e9cor paradisiaque de 2 \u00eeles verdoyantes reli\u00e9es par une langue de sable blanc.<br \/>\nBaignade dans l\u2019eau limpide.<br \/>\nD\u00e9jeuner \u00e0 bord navigation retour vers Nosy Be, d\u00e9barquement vers 17 heures, transfert \u00e0 votre h\u00f4tel.<\/p>\n<p>[\/vc_column_text][vc_empty_space height=\u00a0\u00bb100px\u00a0\u00bb image_repeat=\u00a0\u00bbno-repeat\u00a0\u00bb]<\/p>\n","protected":false},"excerpt":{"rendered":"<p>[vc_row row_type=\u00a0\u00bbrow\u00a0\u00bb use_row_as_full_screen_section=\u00a0\u00bbno\u00a0\u00bb type=\u00a0\u00bbgrid\u00a0\u00bb oblique_section=\u00a0\u00bbno\u00a0\u00bb text_align=\u00a0\u00bbleft\u00a0\u00bb css_animation=\u00a0\u00bbelement_from_fade\u00a0\u00bb box_shadow_on_row=\u00a0\u00bbno\u00a0\u00bb][vc_empty_space height=\u00a0\u00bb20px\u00a0\u00bb image_repeat=\u00a0\u00bbno-repeat\u00a0\u00bb][vc_column_text el_class=\u00a0\u00bbbianco\u00a0\u00bb] Croisiere Radama &nbsp; &nbsp; 5 Jours \/ 4 Nuits [\/vc_column_text][vc_empty_space height=\u00a0\u00bb20px\u00a0\u00bb image_repeat=\u00a0\u00bbno-repeat\u00a0\u00bb][vc_row row_type=\u00a0\u00bbrow\u00a0\u00bb use_row_as_full_screen_section=\u00a0\u00bbno\u00a0\u00bb type=\u00a0\u00bbfull_width\u00a0\u00bb oblique_section=\u00a0\u00bbno\u00a0\u00bb text_align=\u00a0\u00bbleft\u00a0\u00bb css_animation=\u00a0\u00bb\u00a0\u00bb box_shadow_on_row=\u00a0\u00bbno\u00a0\u00bb][vc_single_image image=\u00a0\u00bb3441&Prime; img_size=\u00a0\u00bbfull\u00a0\u00bb alignment=\u00a0\u00bbcenter\u00a0\u00bb qode_css_animation=\u00a0\u00bb\u00a0\u00bb][vc_empty_space height=\u00a0\u00bb50px\u00a0\u00bb image_repeat=\u00a0\u00bbno-repeat\u00a0\u00bb][vc_column_text] Jour 1 Accueil et embarquement des passagers au port&#8230;.<\/p>\n","protected":false},"author":4,"featured_media":0,"parent":0,"menu_order":0,"comment_status":"closed","ping_status":"closed","template":"","meta":{"footnotes":""},"class_list":["post-4681","page","type-page","status-publish","hentry"],"_links":{"self":[{"href":"https:\/\/madawaytours.com\/fr\/wp-json\/wp\/v2\/pages\/4681"}],"collection":[{"href":"https:\/\/madawaytours.com\/fr\/wp-json\/wp\/v2\/pages"}],"about":[{"href":"https:\/\/madawaytours.com\/fr\/wp-json\/wp\/v2\/types\/page"}],"author":[{"embeddable":true,"href":"https:\/\/madawaytours.com\/fr\/wp-json\/wp\/v2\/users\/4"}],"replies":[{"embeddable":true,"href":"https:\/\/madawaytours.com\/fr\/wp-json\/wp\/v2\/comments?post=4681"}],"version-history":[{"count":4,"href":"https:\/\/madawaytours.com\/fr\/wp-json\/wp\/v2\/pages\/4681\/revisions"}],"predecessor-version":[{"id":4987,"href":"https:\/\/madawaytours.com\/fr\/wp-json\/wp\/v2\/pages\/4681\/revisions\/4987"}],"wp:attachment":[{"href":"https:\/\/madawaytours.com\/fr\/wp-json\/wp\/v2\/media?parent=4681"}],"curies":[{"name":"wp","href":"https:\/\/api.w.org\/{rel}","templated":true}]}}