{"id":4689,"date":"2020-02-29T13:33:48","date_gmt":"2020-02-29T12:33:48","guid":{"rendered":"https:\/\/madawaytours.com\/tradizioni-sakalava-5-giorni\/"},"modified":"2020-11-12T18:46:40","modified_gmt":"2020-11-12T17:46:40","slug":"traditions-sakalava-5-jours","status":"publish","type":"page","link":"https:\/\/madawaytours.com\/fr\/traditions-sakalava-5-jours\/","title":{"rendered":"Traditions Sakalava 5 Jours"},"content":{"rendered":"<p>[vc_row row_type=\u00a0\u00bbrow\u00a0\u00bb use_row_as_full_screen_section=\u00a0\u00bbno\u00a0\u00bb type=\u00a0\u00bbgrid\u00a0\u00bb oblique_section=\u00a0\u00bbno\u00a0\u00bb text_align=\u00a0\u00bbleft\u00a0\u00bb css_animation=\u00a0\u00bbelement_from_fade\u00a0\u00bb box_shadow_on_row=\u00a0\u00bbno\u00a0\u00bb][vc_column][vc_empty_space height=\u00a0\u00bb20px\u00a0\u00bb image_repeat=\u00a0\u00bbno-repeat\u00a0\u00bb][vc_column_text el_class=\u00a0\u00bbbianco\u00a0\u00bb]<\/p>\n<h2 style=\"text-align: center;\">Traditions Sakalava<\/h2>\n<p>&nbsp;<\/p>\n<p>&nbsp;<\/p>\n<h3 style=\"text-align: center;\">5 Jours \/ 4 Nuits<\/h3>\n<p>[\/vc_column_text][vc_empty_space height=\u00a0\u00bb20px\u00a0\u00bb image_repeat=\u00a0\u00bbno-repeat\u00a0\u00bb][vc_row row_type=\u00a0\u00bbrow\u00a0\u00bb use_row_as_full_screen_section=\u00a0\u00bbno\u00a0\u00bb type=\u00a0\u00bbfull_width\u00a0\u00bb oblique_section=\u00a0\u00bbno\u00a0\u00bb text_align=\u00a0\u00bbleft\u00a0\u00bb css_animation=\u00a0\u00bb\u00a0\u00bb box_shadow_on_row=\u00a0\u00bbno\u00a0\u00bb][\/vc_row][vc_single_image image=\u00a0\u00bb3377&Prime; img_size=\u00a0\u00bbfull\u00a0\u00bb alignment=\u00a0\u00bbcenter\u00a0\u00bb qode_css_animation=\u00a0\u00bb\u00a0\u00bb][vc_empty_space height=\u00a0\u00bb50px\u00a0\u00bb image_repeat=\u00a0\u00bbno-repeat\u00a0\u00bb][vc_column_text]<\/p>\n<p class=\"p1\"><strong>Jour 1<br \/>\n<\/strong>Embarquement et navigation en direction de l\u2019\u00eele Mamoko, 25 miles soit 5 heures environ, ancrage en face de l\u2019\u00eele o\u00f9 la for\u00eat tropicale h\u00e9berge des tortues g\u00e9antes et plusieurs l\u00e9muriens. Dans cet endroit magnifique vit un groupe de p\u00eacheurs. D\u00eener et nuit \u00e0 bord.<\/p>\n<p class=\"p1\"><strong>Jour 2<\/strong><br \/>\nDirection \u00e0 l\u2019Ouest o\u00f9 se trouve un site historique, la baie des Russes, \u00e0 20 miles soit 4 heures de navigation environ et o\u00f9 l\u2019on peut d\u00e9couvrir de longues \u00e9tendues de plages d\u00e9sertes.<br \/>\nD\u00eener et nuit \u00e0 bord.<\/p>\n<p class=\"p1\"><strong>Jour 3<br \/>\n<\/strong>Navigation le long des c\u00f4tes pour approcher les nombreuses \u00eeles et leurs plages de sable blanc avant d\u2019arriver \u00e0 Baramamahy, \u00e0 environ 25 miles et 4-5 heures environ. Arriv\u00e9e ensuite \u00e0 l&rsquo;un des bras de l&rsquo;estuaire, bord\u00e9 de mangroves. Visite du village local, puis remont\u00e9e de la rivi\u00e8re \u00e0 travers une for\u00eat compos\u00e9e d\u2019une flore et d\u2019une faune tr\u00e8s int\u00e9ressantes.<br \/>\nD\u00eener et nuit \u00e0 bord.<\/p>\n<p class=\"p1\"><strong>Jour 4<br \/>\n<\/strong>Une heure de navigation pour relierla belle \u00eele de Nosy Iranja, ancrage devant la langue de sable blanc qui relie deux petites \u00eeles. Baignade en eaux claires et turquoises. D\u00e9jeuner \u00e0 bord. D\u00e9part en direction de l\u2019\u00eele de Sakatia \u00e9galement appel\u00e9e l\u2019\u00eele aux orchid\u00e9es. Mouillage en face de l\u2019une des plus belles plages de l\u2019\u00eele.<br \/>\nBalade \u00e0 pied pour d\u00e9couvrir l\u2019int\u00e9rieur de l\u2019\u00eele et son village.<br \/>\nD\u00eener et nuit \u00e0 bord.<\/p>\n<p class=\"p1\"><strong>Jour 5\u00a0 \u00a0<\/strong><br \/>\nD\u00e9part matinal pour relier Nosy Tanikely et sa r\u00e9serve maritime. Snorkelling pour d\u00e9couvrir cet aquarium naturel. Retour au port de Nosy be et transfert \u00e0 votre h\u00f4tel.<\/p>\n<p>[\/vc_column_text][vc_empty_space height=\u00a0\u00bb100px\u00a0\u00bb image_repeat=\u00a0\u00bbno-repeat\u00a0\u00bb]<\/p>\n","protected":false},"excerpt":{"rendered":"<p>[vc_row row_type=\u00a0\u00bbrow\u00a0\u00bb use_row_as_full_screen_section=\u00a0\u00bbno\u00a0\u00bb type=\u00a0\u00bbgrid\u00a0\u00bb oblique_section=\u00a0\u00bbno\u00a0\u00bb text_align=\u00a0\u00bbleft\u00a0\u00bb css_animation=\u00a0\u00bbelement_from_fade\u00a0\u00bb box_shadow_on_row=\u00a0\u00bbno\u00a0\u00bb][vc_column][vc_empty_space height=\u00a0\u00bb20px\u00a0\u00bb image_repeat=\u00a0\u00bbno-repeat\u00a0\u00bb][vc_column_text el_class=\u00a0\u00bbbianco\u00a0\u00bb] Traditions Sakalava &nbsp; &nbsp; 5 Jours \/ 4 Nuits [\/vc_column_text][vc_empty_space height=\u00a0\u00bb20px\u00a0\u00bb image_repeat=\u00a0\u00bbno-repeat\u00a0\u00bb][vc_row row_type=\u00a0\u00bbrow\u00a0\u00bb use_row_as_full_screen_section=\u00a0\u00bbno\u00a0\u00bb type=\u00a0\u00bbfull_width\u00a0\u00bb oblique_section=\u00a0\u00bbno\u00a0\u00bb text_align=\u00a0\u00bbleft\u00a0\u00bb css_animation=\u00a0\u00bb\u00a0\u00bb box_shadow_on_row=\u00a0\u00bbno\u00a0\u00bb][\/vc_row][vc_single_image image=\u00a0\u00bb3377&Prime; img_size=\u00a0\u00bbfull\u00a0\u00bb alignment=\u00a0\u00bbcenter\u00a0\u00bb qode_css_animation=\u00a0\u00bb\u00a0\u00bb][vc_empty_space height=\u00a0\u00bb50px\u00a0\u00bb image_repeat=\u00a0\u00bbno-repeat\u00a0\u00bb][vc_column_text] Jour 1 Embarquement et navigation en direction de l\u2019\u00eele&#8230;<\/p>\n","protected":false},"author":4,"featured_media":0,"parent":0,"menu_order":0,"comment_status":"closed","ping_status":"closed","template":"","meta":{"footnotes":""},"class_list":["post-4689","page","type-page","status-publish","hentry"],"_links":{"self":[{"href":"https:\/\/madawaytours.com\/fr\/wp-json\/wp\/v2\/pages\/4689"}],"collection":[{"href":"https:\/\/madawaytours.com\/fr\/wp-json\/wp\/v2\/pages"}],"about":[{"href":"https:\/\/madawaytours.com\/fr\/wp-json\/wp\/v2\/types\/page"}],"author":[{"embeddable":true,"href":"https:\/\/madawaytours.com\/fr\/wp-json\/wp\/v2\/users\/4"}],"replies":[{"embeddable":true,"href":"https:\/\/madawaytours.com\/fr\/wp-json\/wp\/v2\/comments?post=4689"}],"version-history":[{"count":7,"href":"https:\/\/madawaytours.com\/fr\/wp-json\/wp\/v2\/pages\/4689\/revisions"}],"predecessor-version":[{"id":4973,"href":"https:\/\/madawaytours.com\/fr\/wp-json\/wp\/v2\/pages\/4689\/revisions\/4973"}],"wp:attachment":[{"href":"https:\/\/madawaytours.com\/fr\/wp-json\/wp\/v2\/media?parent=4689"}],"curies":[{"name":"wp","href":"https:\/\/api.w.org\/{rel}","templated":true}]}}