{"id":4697,"date":"2020-01-29T23:27:23","date_gmt":"2020-01-29T22:27:23","guid":{"rendered":"https:\/\/madawaytours.com\/immersioni\/"},"modified":"2020-11-09T11:26:23","modified_gmt":"2020-11-09T10:26:23","slug":"plongee","status":"publish","type":"page","link":"https:\/\/madawaytours.com\/fr\/plongee\/","title":{"rendered":"Plongee"},"content":{"rendered":"<p>[vc_row row_type=\u00a0\u00bbrow\u00a0\u00bb use_row_as_full_screen_section=\u00a0\u00bbno\u00a0\u00bb type=\u00a0\u00bbgrid\u00a0\u00bb oblique_section=\u00a0\u00bbno\u00a0\u00bb text_align=\u00a0\u00bbleft\u00a0\u00bb css_animation=\u00a0\u00bb\u00a0\u00bb box_shadow_on_row=\u00a0\u00bbno\u00a0\u00bb][vc_column][vc_empty_space height=\u00a0\u00bb50px\u00a0\u00bb image_repeat=\u00a0\u00bbno-repeat\u00a0\u00bb][vc_column_text]<\/p>\n<h4 class=\"p1\" style=\"text-align: center;\">A TRAVERS LES PLUS BEAUX CORAUX ET LES POISONS MULTICOLORES<\/h4>\n<p>[\/vc_column_text][vc_empty_space height=\u00a0\u00bb50px\u00a0\u00bb image_repeat=\u00a0\u00bbno-repeat\u00a0\u00bb][vc_single_image image=\u00a0\u00bb3461&Prime; img_size=\u00a0\u00bbfull\u00a0\u00bb alignment=\u00a0\u00bbcenter\u00a0\u00bb qode_css_animation=\u00a0\u00bb\u00a0\u00bb][vc_empty_space height=\u00a0\u00bb50px\u00a0\u00bb image_repeat=\u00a0\u00bbno-repeat\u00a0\u00bb][vc_column_text]<\/p>\n<p class=\"p1\">En mati\u00e8re de plong\u00e9e \u00e0 Madagascar nous privil\u00e9gions l&rsquo;\u00eele de Nosy Be et son archipel riche et diversifi\u00e9. Elle est situ\u00e9e dans le canal du Mozambique, \u00e0 quelques kilom\u00e8tres de la c\u00f4te de l&rsquo;\u00eele principale. C&rsquo;est un v\u00e9ritable paradis tropical o\u00f9 la nature est encore pr\u00e9serv\u00e9e et o\u00f9 coulent les eaux chaudes de l&rsquo;oc\u00e9an Indien. Un v\u00e9ritable spot pour la p\u00eache et la plong\u00e9e. Nous collaborons avec de nombreux centres de plong\u00e9e sur place, tous professionnels et pr\u00eats \u00e0 r\u00e9pondre aux exigences de tout type de plongeur.<\/p>\n<p>[\/vc_column_text][vc_empty_space height=\u00a0\u00bb100px\u00a0\u00bb image_repeat=\u00a0\u00bbno-repeat\u00a0\u00bb][\/vc_column][\/vc_row][vc_row row_type=\u00a0\u00bbrow\u00a0\u00bb use_row_as_full_screen_section=\u00a0\u00bbno\u00a0\u00bb type=\u00a0\u00bbgrid\u00a0\u00bb oblique_section=\u00a0\u00bbno\u00a0\u00bb text_align=\u00a0\u00bbleft\u00a0\u00bb css_animation=\u00a0\u00bb\u00a0\u00bb box_shadow_on_row=\u00a0\u00bbno\u00a0\u00bb][vc_column width=\u00a0\u00bb1\/3&Prime;][vc_column_text]<\/p>\n<h4 class=\"p1\" style=\"text-align: center;\">ARCHIPEL DES MITSIO<\/h4>\n<p>[\/vc_column_text][vc_empty_space height=\u00a0\u00bb50px\u00a0\u00bb image_repeat=\u00a0\u00bbno-repeat\u00a0\u00bb][vc_column_text]<\/p>\n<div class=\"page-header\">\n<p class=\"p1\">P\u00e9riode conseill\u00e9e: du mois d\u2019Octobre au mois de Juin<br \/>\nTemp\u00e9rature de l\u2019eau: 25\u00b0 &#8211; 30\u00b0<br \/>\nVisibilit\u00e9: bonne<br \/>\nProfondeur plong\u00e9e: 15 &#8211; 40 m\u00e8tres<\/p>\n<p>&nbsp;<\/p>\n<\/div>\n<p class=\"p1\"><b>Jour 1<br \/>\n<\/b>D\u00e9part matinal pour rejoindre les \u00eeles Mitsio.<br \/>\nArr\u00eat au site de plong\u00e9e les T\u00e9tons.<br \/>\nContinuation ensuite vers Marimbe situ\u00e9 pr\u00e8s de la grande Mitsio pour une agr\u00e9able baignade.<br \/>\nD\u00eener et nuit \u00e0 bord.<\/p>\n<p class=\"p1\"><b>Jour 2<br \/>\n<\/b>D\u00e9part pour de la plong\u00e9e aux \u201cGrandes Orgues\u201d puis continuation vers Ankarea.<br \/>\nD\u00e9jeuner et plong\u00e9e \u00e0 Ankarea puis retour \u00e0 la grande Mitsio dans l\u2019apr\u00e8s-midi.<br \/>\nD\u00eener et nuit \u00e0 bord.<\/p>\n<p class=\"p1\"><b>Jour 3<\/b><\/p>\n<p class=\"p1\">D\u00e9part vers le nord pour relier l\u2019\u00eele de Nosy Lava.<br \/>\nDeux plong\u00e9es \u00e0 deux endroits diff\u00e9rents \u00e0 Nosy Lava.<br \/>\nD\u00eener et nuit \u00e0 bord ou sur l\u2019\u00eele de Nosy Lava (selon les conditions m\u00e9t\u00e9orologiques).<\/p>\n<p class=\"p1\"><b>Jour 4<\/b><br \/>\nD\u00e9part en direction de l\u2019Ouest pour rejoindre le spot du petit Castor pour deux plong\u00e9es.<br \/>\nEn fin d\u2019apr\u00e8s-midi nous retournerons \u00e0 la Grande Mitsio, ancrage, d\u00eener et nuit \u00e0 bord.<\/p>\n<p class=\"p1\"><b>Jour 5<\/b><br \/>\nD\u00e9part pour les \u201cQuatre Fr\u00e8res\u201d o\u00f9 se trouvent plusieurs sites de plong\u00e9e.<br \/>\nDeux plong\u00e9es et navigation en fin d\u2019apr\u00e8s-midi pour l\u2019\u00eele Sakatia.<br \/>\nD\u00eener et nuit \u00e0 bord.<\/p>\n<p class=\"p1\"><b>Jour 6<br \/>\n<\/b>Plong\u00e9e au banc des Licornes.<br \/>\nD\u00e9jeuner puis retour au port de Nosy Be.<br \/>\nTransfert \u00e0 votre h\u00f4tel.<\/p>\n<p>[\/vc_column_text][vc_empty_space height=\u00a0\u00bb50px\u00a0\u00bb image_repeat=\u00a0\u00bbno-repeat\u00a0\u00bb][\/vc_column][vc_column width=\u00a0\u00bb1\/3&Prime;][vc_column_text]<\/p>\n<h4 style=\"text-align: center;\">CAP ST. SEBASTIEN<\/h4>\n<p>[\/vc_column_text][vc_empty_space height=\u00a0\u00bb50px\u00a0\u00bb image_repeat=\u00a0\u00bbno-repeat\u00a0\u00bb][vc_column_text]<\/p>\n<div class=\"page-header\">\n<p class=\"p1\">P\u00e9riode conseill\u00e9e: du mois d\u2019Octobre au mois de Juin<br \/>\nTemp\u00e9rature de l\u2019eau: 25\u00b0 &#8211; 30\u00b0<br \/>\nVisibilit\u00e9: bonne<br \/>\nProfondeur de plong\u00e9e: 15 &#8211; 40 m\u00e8tres<\/p>\n<p>&nbsp;<\/p>\n<p class=\"p1\"><b>Jour 1<br \/>\n<\/b>Embarquement apr\u00e8s le d\u00e9jeuner et longue navigation pour rejoindre le Cap St. S\u00e9bastien situ\u00e9 \u00e0 70 miles. D\u00eener et nuit \u00e0 bord.<\/p>\n<p class=\"p1\"><b>Jour 2<\/b><br \/>\nMouillage \u00e0 St. S\u00e9bastien. The diving schedule will be planned on site according to the tides and the currents. Les horaires de plong\u00e9e seront planifi\u00e9s selon les mar\u00e9es et les courants. Parmi les spots de plong\u00e9e, celui du Mbamonetsimany vous conduira jusqu\u2019au pied des falaises, un site o\u00f9 de grands coraux abritent plusieurs vari\u00e9t\u00e9s de poissons tels que les s\u00e9rioles, les thons, les nasons, des requins occasionnels, et des groupes de m\u00e9rou. Un autre site nomm\u00e9 les rochers de Yang-Tse situ\u00e9s entre deux \u00eeles et o\u00f9 l\u2019on peut d\u00e9couvrir d\u2019impressionnants coraux et de nombreux poisons. D\u00eener et nuit \u00e0 bord.<\/p>\n<p class=\"p1\"><b><br \/>\nJour 3<br \/>\n<\/b>Plong\u00e9es autour des falaises d\u2019Ambasavaka: requins, m\u00e9rous et plusieurs autres esp\u00e8ces. Navigation vers les \u00eeles de Lakandava, 20 miles au nord. Plong\u00e9e dans l\u2019apr\u00e8s-midi \u00e0 profondeur de 15 m\u00e8tres pour d\u00e9couvrir plusieurs poissons et coraux. D\u00eener et nuit \u00e0 bord.<\/p>\n<p>&nbsp;<\/p>\n<p class=\"p1\"><b>Jour 4<br \/>\n<\/b>Plong\u00e9e \u00e0 Lakandava, 800 m de long et 20 m de profondeur pour d\u00e9couvrir plusieurs vari\u00e9t\u00e9s de coraux et esp\u00e8ces de poissons. L\u2019apr\u00e8s-midi navigation vers Nosy Hao plus au nord. Plong\u00e9e dans le canal entre les \u00eeles et les r\u00e9cifs. Enormes poissons p\u00e9lagiques, Napol\u00e9ons, requins\u2026 D\u00eener et nuit \u00e0 bord.<\/p>\n<p class=\"p1\"><b>Jour 5<br \/>\n<\/b>Plong\u00e9e au nord de Nosy Hao au large des r\u00e9cifs. Navigation vers le sud de Lakandava pour une plong\u00e9e au spot du Lion impressionnant par ses bancs de Thazard, fusiliers, poissons jack et ses coraux. D\u00eener et nuit \u00e0 bord.<\/p>\n<p class=\"p1\"><b>Jour 6<br \/>\n<\/b>Navigation vers le sud du Cap St S\u00e9bastien et plong\u00e9e au pied de la falaise de Kalomisamba, deux rochers reli\u00e9s par une grotte. Requins, tortues, groupe de carangues et d\u2019autres esp\u00e8ces de poissons. L\u2019apr\u00e8s-midi plong\u00e9e au r\u00e9cif de Mananono (requins et poisons). D\u00eener et nuit \u00e0 bord.<\/p>\n<p class=\"p1\"><b>Jour 7<br \/>\n<\/b>D\u00e9part t\u00f4t le matin pour le spot \u201cPetit Castor\u201d \u00e0 35 miles des \u00eeles Mitsio. Une superbe plong\u00e9e au large des r\u00e9cifs et dans un spot \u00a0tr\u00e8s int\u00e9ressant pour sa vari\u00e9t\u00e9 de poissons et de coraux. Navigation ensuite vers \u00abLes 4 fr\u00e8res\u00bb (sur l&rsquo;archipel Mitsio). Une tr\u00e8s belle plong\u00e9e \u00e0 proximit\u00e9 de ces monolithes plongeant jusqu&rsquo;\u00e0 une profondeur de 20 m\u00e8tres pour d\u00e9couvrir de nombreux bancs de poissons tels que m\u00e9rous et carangues et beaucoup de tortues. Dinner and overnight on board.<\/p>\n<p class=\"p1\"><b>Jour 8<br \/>\n<\/b>Retour \u00e0 Nosy Be ou \u00e0 l\u2019\u00eele Sakatia.<\/p>\n<\/div>\n<p>[\/vc_column_text][\/vc_column][vc_column width=\u00a0\u00bb1\/3&Prime;][vc_column_text]<\/p>\n<h4 style=\"text-align: center;\">ARCHIPEL DE RADAMA<\/h4>\n<p>[\/vc_column_text][vc_empty_space height=\u00a0\u00bb50px\u00a0\u00bb image_repeat=\u00a0\u00bbno-repeat\u00a0\u00bb][vc_column_text]<\/p>\n<div class=\"page-header\">\n<div class=\"page-header\">\n<p class=\"p1\">P\u00e9riode conseill\u00e9e: du mois d\u2019Octobre au mois de Juin<br \/>\nTemp\u00e9rature de l\u2019eau: 25\u00b0 &#8211; 30\u00b0<br \/>\nVisibilit\u00e9: selon les saisons &#8211; Moyenne \u00e0 Bonne<\/p>\n<\/div>\n<p>&nbsp;<\/p>\n<p class=\"p1\"><b>Jour 1<br \/>\n<\/b>D\u00e9part vers la r\u00e9serve sous-marine de Nosy Tanikely pour une premi\u00e8re plong\u00e9e: \u00e0 la d\u00e9couverte d&rsquo;une grande vari\u00e9t\u00e9 de coraux, m\u00e9rous, poissons \u00e0 points blancs, raies pastenagues, raies manta et tortues. Une deuxi\u00e8me plong\u00e9e vous emm\u00e8nera \u00e0 22 m\u00e8tres, entre de gros blocs de coraux. Arriv\u00e9e sur un banc de gorgones blanches o\u00f9 les tortues et les requins de r\u00e9cif \u00e0 pointe blanche vivent en toute tranquillit\u00e9. Navigation vers la Baie des Russes. D\u00eener et nuit \u00e0 bord.<\/p>\n<p>&nbsp;<\/p>\n<p class=\"p1\"><b>Jour 2<br \/>\n<\/b>D\u00e9part t\u00f4t le matin vers l&rsquo;\u00eele de Kalakajoro, principale base de plong\u00e9e de l&rsquo;archipel des Radama. Vous auriez l\u2019occasion de profiter de deux plong\u00e9es peu profondes. D\u00eener et nuit \u00e0 bord.<\/p>\n<p>&nbsp;<\/p>\n<p class=\"p1\"><b>Jour 3<br \/>\n<\/b>D\u00e9part vers \u00ab\u00a0Greg&rsquo;s Wall\u00a0\u00bb, un des sites les plus connus en raison de la vari\u00e9t\u00e9 de sa faune et de sa flore sous-marines : deux plong\u00e9es sur le c\u00f4t\u00e9 et dans la grotte. Retour \u00e0 Kalakajoro dans la soir\u00e9e. D\u00eener et nuit \u00e0 bord.<\/p>\n<p>&nbsp;<\/p>\n<p class=\"p1\"><b>Jour 4<br \/>\n<\/b>D\u00e9part \u00e0 la d\u00e9couverte de \u00ab\u00a0Black Wall\u00a0\u00bb, une \u00e9tonnante for\u00eat de corail noir abritant un grand groupe de poissons plagiques. D\u00eener et nuit \u00e0 bord.<\/p>\n<p>&nbsp;<\/p>\n<p class=\"p1\"><b>Jour 5<br \/>\n<\/b>Nous ferions deux plong\u00e9es peu profondes le matin sur un plateau de corail o\u00f9 vivent des m\u00e9rous et des requins baleines. D\u00eener et nuit \u00e0 Antany Mora.<\/p>\n<p>&nbsp;<\/p>\n<p class=\"p1\"><b>Jour 6<br \/>\n<\/b>D\u00e9part \u00e0 l&rsquo;aube pour Nosy Kivinjy, \u00e9galement appel\u00e9e Sugar Loaf, pour y effectuer deux autres plong\u00e9es. D\u00eener et nuit \u00e0 la baie des Russes.<\/p>\n<p>&nbsp;<\/p>\n<p class=\"p1\"><b>Jour 7<br \/>\n<\/b>D\u00e9part vers Nosy be, o\u00f9 nous ferions deux plong\u00e9es sur le site \u00ab\u00a05 m\u00e8tres de profondeur\u00a0\u00bb et partirons \u00e0 la recherche des requins baleines et des poissons raies manta. D\u00e9jeuneret navigation vers Nosy Be.<br \/>\nD\u00e9barquement en fin d&rsquo;apr\u00e8s-midi.<\/p>\n<\/div>\n<p>[\/vc_column_text][\/vc_column][\/vc_row][vc_row row_type=\u00a0\u00bbrow\u00a0\u00bb use_row_as_full_screen_section=\u00a0\u00bbno\u00a0\u00bb type=\u00a0\u00bbgrid\u00a0\u00bb oblique_section=\u00a0\u00bbno\u00a0\u00bb text_align=\u00a0\u00bbleft\u00a0\u00bb css_animation=\u00a0\u00bb\u00a0\u00bb box_shadow_on_row=\u00a0\u00bbno\u00a0\u00bb][vc_column width=\u00a0\u00bb1\/3&Prime;][vc_empty_space height=\u00a0\u00bb100px\u00a0\u00bb image_repeat=\u00a0\u00bbno-repeat\u00a0\u00bb][vc_single_image image=\u00a0\u00bb3455&Prime; img_size=\u00a0\u00bblarge\u00a0\u00bb alignment=\u00a0\u00bbcenter\u00a0\u00bb onclick=\u00a0\u00bblink_image\u00a0\u00bb qode_css_animation=\u00a0\u00bb\u00a0\u00bb][vc_empty_space height=\u00a0\u00bb100px\u00a0\u00bb image_repeat=\u00a0\u00bbno-repeat\u00a0\u00bb][\/vc_column][vc_column width=\u00a0\u00bb1\/3&Prime;][vc_empty_space height=\u00a0\u00bb100px\u00a0\u00bb image_repeat=\u00a0\u00bbno-repeat\u00a0\u00bb][vc_single_image image=\u00a0\u00bb3274&Prime; img_size=\u00a0\u00bblarge\u00a0\u00bb alignment=\u00a0\u00bbcenter\u00a0\u00bb onclick=\u00a0\u00bblink_image\u00a0\u00bb qode_css_animation=\u00a0\u00bb\u00a0\u00bb][vc_empty_space height=\u00a0\u00bb100px\u00a0\u00bb image_repeat=\u00a0\u00bbno-repeat\u00a0\u00bb][\/vc_column][vc_column width=\u00a0\u00bb1\/3&Prime;][vc_empty_space height=\u00a0\u00bb100px\u00a0\u00bb image_repeat=\u00a0\u00bbno-repeat\u00a0\u00bb][vc_single_image image=\u00a0\u00bb3458&Prime; img_size=\u00a0\u00bblarge\u00a0\u00bb alignment=\u00a0\u00bbcenter\u00a0\u00bb onclick=\u00a0\u00bblink_image\u00a0\u00bb qode_css_animation=\u00a0\u00bb\u00a0\u00bb][vc_empty_space height=\u00a0\u00bb100px\u00a0\u00bb image_repeat=\u00a0\u00bbno-repeat\u00a0\u00bb][\/vc_column][\/vc_row][vc_row row_type=\u00a0\u00bbrow\u00a0\u00bb use_row_as_full_screen_section=\u00a0\u00bbno\u00a0\u00bb type=\u00a0\u00bbgrid\u00a0\u00bb oblique_section=\u00a0\u00bbno\u00a0\u00bb text_align=\u00a0\u00bbleft\u00a0\u00bb css_animation=\u00a0\u00bb\u00a0\u00bb box_shadow_on_row=\u00a0\u00bbno\u00a0\u00bb][vc_column width=\u00a0\u00bb1\/3&Prime;][vc_column_text]<\/p>\n<p class=\"p1\"><strong><span class=\"s1\">EPAVES<br \/>\n<\/span><\/strong>Situ\u00e9 au large de Nosy Be \u00e0 une profondeur d&rsquo;environ 26-29m, le site compte 4 petites &#8211; moyennes \u00e9paves. Les coraux y abritent de nombreuses esp\u00e8ces de poissons tels que les m\u00e9rous g\u00e9ants, la cale \u00e0 points blancs, le requin z\u00e8bre, les bancs de poissons jack, barracudas, etc. La visibilit\u00e9estmoyenne. C&rsquo;est un site fantastique pour ceux qui aiment plonger entre des \u00e9paves.<\/p>\n<p>[\/vc_column_text][vc_empty_space height=\u00a0\u00bb50px\u00a0\u00bb image_repeat=\u00a0\u00bbno-repeat\u00a0\u00bb][vc_column_text]<\/p>\n<p class=\"p1\"><strong>CORAUX PIERREUX<\/strong><br \/>\n\u00c0 une profondeur d&rsquo;environ 20-23 m\u00e8tres, il existe des coraux pierreux \u00e0 couper le souffle o\u00f9 l\u2019on peut rencontrer de petits requins \u00e0 pointes blanches, des tortues, des poissons scorpions et des poissons crocodiles.<\/p>\n<p>[\/vc_column_text][vc_empty_space height=\u00a0\u00bb50px\u00a0\u00bb image_repeat=\u00a0\u00bbno-repeat\u00a0\u00bb][\/vc_column][vc_column width=\u00a0\u00bb1\/3&Prime;][vc_column_text]<\/p>\n<p class=\"p1\"><strong>GORGONES<\/strong><br \/>\n\u00c0 une profondeur d&rsquo;environ 13 \u00e0 20 m\u00e8tres, sur un fond sableux, il y existe d&rsquo;\u00e9normes gorgones abritant des tortues, des poissons crocodiles, des hippocampes et des raies \u00e0 taches bleues. L&rsquo;environnement est si beau qu&rsquo;il semble irr\u00e9el et donne l&rsquo;impression d\u2019une \u0153uvre d\u2019art.<\/p>\n<p>[\/vc_column_text][vc_empty_space height=\u00a0\u00bb50px\u00a0\u00bb image_repeat=\u00a0\u00bbno-repeat\u00a0\u00bb][vc_column_text]<\/p>\n<p class=\"p1\"><strong><span class=\"s1\">BANC DE L&rsquo;ENTREE EXTERIEUR<br \/>\n<\/span><\/strong>Situ\u00e9 \u00e0 23 km de Nosy Be (50 minutes en bateau rapide) avec une profondeur qui va de 18 \u00e0 60 m\u00e8tres (pente douce, endroit id\u00e9al pour rencontrer des poissons p\u00e9lagiques (thons, barracudas, maquereaux, etc.), requin \u00e0 pointes blanches, requin gris, requin z\u00e8bre et requin marteau. L&rsquo;un des plus beaux sites de plong\u00e9e de tout l&rsquo;archipel de Nosy Be. Visibilit\u00e9 bonne pendant presque toute l&rsquo;ann\u00e9e.<\/p>\n<p>[\/vc_column_text][vc_empty_space height=\u00a0\u00bb50px\u00a0\u00bb image_repeat=\u00a0\u00bbno-repeat\u00a0\u00bb][\/vc_column][vc_column width=\u00a0\u00bb1\/3&Prime;][vc_column_text]<\/p>\n<p class=\"p1\"><strong>POINT D\u2019OSERVATION DES REQUINS<\/strong><br \/>\nUn r\u00e9cif pr\u00e9serv\u00e9, \u00e0 l&rsquo;\u00e9cart des c\u00f4tes de Nosy Be, \u00e0 une profondeur de 18-50 m\u00e8tres, avec une visibilit\u00e9 jusqu&rsquo;\u00e0 40 m\u00e8tres. Il abrite des poissons p\u00e9lagiques, des requins \u00e0 pointes blanches, gris, noir, requins-marteau, des requins-baleines, des raies Manta et bien plus encore\u2026<\/p>\n<p>[\/vc_column_text][vc_empty_space height=\u00a0\u00bb50px\u00a0\u00bb image_repeat=\u00a0\u00bbno-repeat\u00a0\u00bb][vc_column_text]<\/p>\n<p class=\"p1\"><strong>ENCORE PLUS QUE CELA&#8230;<\/strong><br \/>\nIl existe de nombreux autres sites pour de la plong\u00e9e de qualit\u00e9 \u00e0 proximit\u00e9 des \u00eeles de Nosy Iranja, Nosy Tanikely, Nosy Komba et Nosy Sakatia. Ceux cit\u00e9s ne sont que quelques-uns parmi tant d\u2019autres qui vous attendent dans l\u2019archipel de Nosy be.<\/p>\n<p>[\/vc_column_text][vc_empty_space height=\u00a0\u00bb50px\u00a0\u00bb image_repeat=\u00a0\u00bbno-repeat\u00a0\u00bb][\/vc_column][\/vc_row][vc_row row_type=\u00a0\u00bbrow\u00a0\u00bb use_row_as_full_screen_section=\u00a0\u00bbno\u00a0\u00bb type=\u00a0\u00bbgrid\u00a0\u00bb oblique_section=\u00a0\u00bbno\u00a0\u00bb text_align=\u00a0\u00bbcenter\u00a0\u00bb css_animation=\u00a0\u00bb\u00a0\u00bb box_shadow_on_row=\u00a0\u00bbno\u00a0\u00bb][vc_column][vc_empty_space height=\u00a0\u00bb100px\u00a0\u00bb image_repeat=\u00a0\u00bbno-repeat\u00a0\u00bb]<a href=\"mailto:madaway.tours@gmail.com\" target=\"_blank\"  class=\"qbutton  icon_right\" style=\"\">NOUS CONTACTER<\/a>[vc_empty_space height=\u00a0\u00bb100px\u00a0\u00bb image_repeat=\u00a0\u00bbno-repeat\u00a0\u00bb][\/vc_column][\/vc_row]<\/p>\n","protected":false},"excerpt":{"rendered":"<p>[vc_row row_type=\u00a0\u00bbrow\u00a0\u00bb use_row_as_full_screen_section=\u00a0\u00bbno\u00a0\u00bb type=\u00a0\u00bbgrid\u00a0\u00bb oblique_section=\u00a0\u00bbno\u00a0\u00bb text_align=\u00a0\u00bbleft\u00a0\u00bb css_animation=\u00a0\u00bb\u00a0\u00bb box_shadow_on_row=\u00a0\u00bbno\u00a0\u00bb][vc_column][vc_empty_space height=\u00a0\u00bb50px\u00a0\u00bb image_repeat=\u00a0\u00bbno-repeat\u00a0\u00bb][vc_column_text] A TRAVERS LES PLUS BEAUX CORAUX ET LES POISONS MULTICOLORES [\/vc_column_text][vc_empty_space height=\u00a0\u00bb50px\u00a0\u00bb image_repeat=\u00a0\u00bbno-repeat\u00a0\u00bb][vc_single_image image=\u00a0\u00bb3461&Prime; img_size=\u00a0\u00bbfull\u00a0\u00bb alignment=\u00a0\u00bbcenter\u00a0\u00bb qode_css_animation=\u00a0\u00bb\u00a0\u00bb][vc_empty_space height=\u00a0\u00bb50px\u00a0\u00bb image_repeat=\u00a0\u00bbno-repeat\u00a0\u00bb][vc_column_text] En mati\u00e8re de plong\u00e9e \u00e0 Madagascar nous privil\u00e9gions l&rsquo;\u00eele de Nosy Be et son archipel riche&#8230;<\/p>\n","protected":false},"author":4,"featured_media":0,"parent":0,"menu_order":0,"comment_status":"closed","ping_status":"closed","template":"full_width.php","meta":{"footnotes":""},"class_list":["post-4697","page","type-page","status-publish","hentry"],"_links":{"self":[{"href":"https:\/\/madawaytours.com\/fr\/wp-json\/wp\/v2\/pages\/4697"}],"collection":[{"href":"https:\/\/madawaytours.com\/fr\/wp-json\/wp\/v2\/pages"}],"about":[{"href":"https:\/\/madawaytours.com\/fr\/wp-json\/wp\/v2\/types\/page"}],"author":[{"embeddable":true,"href":"https:\/\/madawaytours.com\/fr\/wp-json\/wp\/v2\/users\/4"}],"replies":[{"embeddable":true,"href":"https:\/\/madawaytours.com\/fr\/wp-json\/wp\/v2\/comments?post=4697"}],"version-history":[{"count":5,"href":"https:\/\/madawaytours.com\/fr\/wp-json\/wp\/v2\/pages\/4697\/revisions"}],"predecessor-version":[{"id":4945,"href":"https:\/\/madawaytours.com\/fr\/wp-json\/wp\/v2\/pages\/4697\/revisions\/4945"}],"wp:attachment":[{"href":"https:\/\/madawaytours.com\/fr\/wp-json\/wp\/v2\/media?parent=4697"}],"curies":[{"name":"wp","href":"https:\/\/api.w.org\/{rel}","templated":true}]}}