{"id":4815,"date":"2020-09-22T12:40:18","date_gmt":"2020-09-22T10:40:18","guid":{"rendered":"https:\/\/madawaytours.com\/?page_id=4815"},"modified":"2020-12-30T11:49:00","modified_gmt":"2020-12-30T10:49:00","slug":"qui-nous-sommes","status":"publish","type":"page","link":"https:\/\/madawaytours.com\/fr\/qui-nous-sommes\/","title":{"rendered":"Qui Nous Sommes"},"content":{"rendered":"<p>[vc_row row_type=\u00a0\u00bbrow\u00a0\u00bb use_row_as_full_screen_section=\u00a0\u00bbno\u00a0\u00bb type=\u00a0\u00bbfull_width\u00a0\u00bb oblique_section=\u00a0\u00bbno\u00a0\u00bb text_align=\u00a0\u00bbleft\u00a0\u00bb css_animation=\u00a0\u00bb\u00a0\u00bb box_shadow_on_row=\u00a0\u00bbno\u00a0\u00bb][vc_column][\/vc_column][\/vc_row][vc_row row_type=\u00a0\u00bbrow\u00a0\u00bb use_row_as_full_screen_section=\u00a0\u00bbno\u00a0\u00bb type=\u00a0\u00bbfull_width\u00a0\u00bb oblique_section=\u00a0\u00bbno\u00a0\u00bb text_align=\u00a0\u00bbleft\u00a0\u00bb css_animation=\u00a0\u00bb\u00a0\u00bb box_shadow_on_row=\u00a0\u00bbno\u00a0\u00bb][vc_column][vc_empty_space height=\u00a0\u00bb50px\u00a0\u00bb image_repeat=\u00a0\u00bbno-repeat\u00a0\u00bb][vc_column_text]<\/p>\n<div class=\"page\" title=\"Page 3\">\n<div class=\"layoutArea\">\n<div class=\"column\">\n<h4 class=\"p1\" style=\"text-align: center;\">NOTRE HISTOIRE ET NOTRE EQUIPE<\/h4>\n<\/div>\n<\/div>\n<\/div>\n<p>[\/vc_column_text][vc_empty_space height=\u00a0\u00bb50px\u00a0\u00bb image_repeat=\u00a0\u00bbno-repeat\u00a0\u00bb][vc_single_image image=\u00a0\u00bb3246&Prime; img_size=\u00a0\u00bbfull\u00a0\u00bb alignment=\u00a0\u00bbcenter\u00a0\u00bb qode_css_animation=\u00a0\u00bbelement_from_fade\u00a0\u00bb][vc_empty_space height=\u00a0\u00bb50px\u00a0\u00bb image_repeat=\u00a0\u00bbno-repeat\u00a0\u00bb][\/vc_column][\/vc_row][vc_row row_type=\u00a0\u00bbrow\u00a0\u00bb use_row_as_full_screen_section=\u00a0\u00bbno\u00a0\u00bb type=\u00a0\u00bbfull_width\u00a0\u00bb oblique_section=\u00a0\u00bbno\u00a0\u00bb text_align=\u00a0\u00bbleft\u00a0\u00bb css_animation=\u00a0\u00bb\u00a0\u00bb box_shadow_on_row=\u00a0\u00bbno\u00a0\u00bb][vc_column][vc_column_text]<\/p>\n<div class=\"page\" title=\"Page 3\">\n<div class=\"layoutArea\">\n<div class=\"column\">\n<p class=\"p1\">N\u00e9 d\u2019une fusion entre quatre italiens passionn\u00e9s de voyage et de l\u2019Afrique, Madaway a vu le jour en 2007 dans le nord de Madagascar, \u00e0 Antsiranana (Diego Suarez).Grace aux efforts d\u2019une Equipe plus que motiv\u00e9e, Madaway a pu s\u2019\u00e9tendre et ainsi mieux couvrir l\u2019ensemble de la grande \u00eele en s\u2019implantant \u00e9galement sur l\u2019\u00eele de Nosy Be, puis derni\u00e8rement dans la capitale Antananarivo.<\/p>\n<p class=\"p1\">Dynamique, professionnelle, exp\u00e9riment\u00e9e, l\u2019Equipe mettra tout en \u0153uvre pour vous satisfaire et vous garantir un voyage en toute qui\u00e9tude.<\/p>\n<p class=\"p1\">Au-del\u00e0 de vous faire d\u00e9couvrir la beaut\u00e9 de ce pays l\u2019Equipe saura vous partager sa passion immuable pour Madagascar en vous \u00a0invitant \u00e0 vous impr\u00e9gner de ses cultures, ses traditions, sa cuisine, ses couleurs et ses sourires&#8230;<\/p>\n<\/div>\n<\/div>\n<\/div>\n<p>[\/vc_column_text][vc_empty_space height=\u00a0\u00bb100px\u00a0\u00bb image_repeat=\u00a0\u00bbno-repeat\u00a0\u00bb][\/vc_column][\/vc_row][vc_row row_type=\u00a0\u00bbrow\u00a0\u00bb use_row_as_full_screen_section=\u00a0\u00bbno\u00a0\u00bb type=\u00a0\u00bbfull_width\u00a0\u00bb oblique_section=\u00a0\u00bbno\u00a0\u00bb text_align=\u00a0\u00bbleft\u00a0\u00bb css_animation=\u00a0\u00bb\u00a0\u00bb box_shadow_on_row=\u00a0\u00bbno\u00a0\u00bb][vc_column][vc_column_text]<\/p>\n<div class=\"page\" title=\"Page 3\">\n<div class=\"layoutArea\">\n<div class=\"column\">\n<h4 class=\"p1\" style=\"text-align: center;\">LES QUALITES DE L\u2019EQUIPE<\/h4>\n<\/div>\n<\/div>\n<\/div>\n<p>[\/vc_column_text][vc_empty_space height=\u00a0\u00bb50px\u00a0\u00bb image_repeat=\u00a0\u00bbno-repeat\u00a0\u00bb][\/vc_column][\/vc_row][vc_row row_type=\u00a0\u00bbrow\u00a0\u00bb use_row_as_full_screen_section=\u00a0\u00bbno\u00a0\u00bb type=\u00a0\u00bbfull_width\u00a0\u00bb oblique_section=\u00a0\u00bbno\u00a0\u00bb text_align=\u00a0\u00bbcenter\u00a0\u00bb css_animation=\u00a0\u00bb\u00a0\u00bb box_shadow_on_row=\u00a0\u00bbno\u00a0\u00bb][vc_column][vc_column_text]<\/p>\n<div class=\"page\" title=\"Page 3\">\n<div class=\"layoutArea\">\n<div class=\"column\">\n<h3 class=\"p1\" style=\"text-align: center;\">PROFESSIONNELLE \/ FIABLE \/ AGREABLE \/ ESPRIT SOLIDAIRE \/ MULTILINGUE<\/h3>\n<\/div>\n<\/div>\n<\/div>\n<p>[\/vc_column_text][vc_empty_space height=\u00a0\u00bb100px\u00a0\u00bb image_repeat=\u00a0\u00bbno-repeat\u00a0\u00bb][\/vc_column][\/vc_row][vc_row row_type=\u00a0\u00bbrow\u00a0\u00bb use_row_as_full_screen_section=\u00a0\u00bbno\u00a0\u00bb type=\u00a0\u00bbfull_width\u00a0\u00bb oblique_section=\u00a0\u00bbno\u00a0\u00bb text_align=\u00a0\u00bbleft\u00a0\u00bb css_animation=\u00a0\u00bb\u00a0\u00bb box_shadow_on_row=\u00a0\u00bbno\u00a0\u00bb][vc_column][vc_column_text]<\/p>\n<div class=\"page\" title=\"Page 3\">\n<div class=\"layoutArea\">\n<div class=\"column\">\n<h4 class=\"p1\" style=\"text-align: center;\">MEMBRES FONDATEURS<\/h4>\n<\/div>\n<\/div>\n<\/div>\n<p>[\/vc_column_text][vc_empty_space height=\u00a0\u00bb50px\u00a0\u00bb image_repeat=\u00a0\u00bbno-repeat\u00a0\u00bb][\/vc_column][\/vc_row][vc_row row_type=\u00a0\u00bbrow\u00a0\u00bb use_row_as_full_screen_section=\u00a0\u00bbno\u00a0\u00bb type=\u00a0\u00bbfull_width\u00a0\u00bb oblique_section=\u00a0\u00bbno\u00a0\u00bb text_align=\u00a0\u00bbleft\u00a0\u00bb css_animation=\u00a0\u00bb\u00a0\u00bb box_shadow_on_row=\u00a0\u00bbno\u00a0\u00bb][vc_column width=\u00a0\u00bb1\/4&Prime;][vc_column_text]<\/p>\n<div class=\"page\" title=\"Page 3\">\n<div class=\"layoutArea\">\n<div class=\"column\" style=\"text-align: center;\"><strong>Andrea Lobrano<\/strong><\/div>\n<div class=\"column\" style=\"text-align: center;\">\u201cS\u2019il ne te reste qu\u2019une seule dent alors sers-en-toi pour continuer \u00e0 sourire\u00a0\u00bb<br \/>\n<em>(Proverbe malgache)<\/em><\/div>\n<\/div>\n<\/div>\n<p>[\/vc_column_text][vc_empty_space height=\u00a0\u00bb50px\u00a0\u00bb image_repeat=\u00a0\u00bbno-repeat\u00a0\u00bb][\/vc_column][vc_column width=\u00a0\u00bb1\/4&Prime;][vc_column_text]<\/p>\n<div class=\"page\" title=\"Page 3\">\n<div class=\"layoutArea\">\n<div class=\"column\">\n<p style=\"text-align: center;\"><strong>Mariastella Bucci<br \/>\n<\/strong>\u201c&#8230;la vie m\u2019a appris \u00e0 voler pour pouvoir<br \/>\nobserver le monde diff\u00e9remment&#8230;\u201d<\/p>\n<\/div>\n<\/div>\n<\/div>\n<p>[\/vc_column_text][vc_empty_space height=\u00a0\u00bb50px\u00a0\u00bb image_repeat=\u00a0\u00bbno-repeat\u00a0\u00bb][\/vc_column][vc_column width=\u00a0\u00bb1\/4&Prime;][vc_column_text]<\/p>\n<p style=\"text-align: center;\"><strong>Elena Cattani<\/strong><br \/>\n\u00ab\u00a0Partir, arriver, repartir ne sont plus des limites,<br \/>\nmais un r\u00eave pour moi qui prend forme.\u00a0\u00bb<\/p>\n<p>[\/vc_column_text][vc_empty_space height=\u00a0\u00bb50px\u00a0\u00bb image_repeat=\u00a0\u00bbno-repeat\u00a0\u00bb][\/vc_column][vc_column width=\u00a0\u00bb1\/4&Prime;][vc_column_text]<\/p>\n<p style=\"text-align: center;\"><strong>Massimiliano Cecchi<\/strong><br \/>\n\u00ab\u00a0Je n\u2019ai pas besoin d\u2019une mappemonde pour m\u2019orienter<br \/>\nmais juste pour r\u00eaver d\u2019une prochaine destination\u00a0\u00bb<\/p>\n<p>[\/vc_column_text][vc_empty_space height=\u00a0\u00bb50px\u00a0\u00bb image_repeat=\u00a0\u00bbno-repeat\u00a0\u00bb][\/vc_column][\/vc_row][vc_row row_type=\u00a0\u00bbrow\u00a0\u00bb use_row_as_full_screen_section=\u00a0\u00bbno\u00a0\u00bb type=\u00a0\u00bbfull_width\u00a0\u00bb oblique_section=\u00a0\u00bbno\u00a0\u00bb text_align=\u00a0\u00bbleft\u00a0\u00bb css_animation=\u00a0\u00bb\u00a0\u00bb box_shadow_on_row=\u00a0\u00bbno\u00a0\u00bb][vc_column][vc_empty_space height=\u00a0\u00bb100px\u00a0\u00bb image_repeat=\u00a0\u00bbno-repeat\u00a0\u00bb][\/vc_column][\/vc_row]<\/p>\n","protected":false},"excerpt":{"rendered":"<p>[vc_row row_type=\u00a0\u00bbrow\u00a0\u00bb use_row_as_full_screen_section=\u00a0\u00bbno\u00a0\u00bb type=\u00a0\u00bbfull_width\u00a0\u00bb oblique_section=\u00a0\u00bbno\u00a0\u00bb text_align=\u00a0\u00bbleft\u00a0\u00bb css_animation=\u00a0\u00bb\u00a0\u00bb box_shadow_on_row=\u00a0\u00bbno\u00a0\u00bb][vc_column][\/vc_column][\/vc_row][vc_row row_type=\u00a0\u00bbrow\u00a0\u00bb use_row_as_full_screen_section=\u00a0\u00bbno\u00a0\u00bb type=\u00a0\u00bbfull_width\u00a0\u00bb oblique_section=\u00a0\u00bbno\u00a0\u00bb text_align=\u00a0\u00bbleft\u00a0\u00bb css_animation=\u00a0\u00bb\u00a0\u00bb box_shadow_on_row=\u00a0\u00bbno\u00a0\u00bb][vc_column][vc_empty_space height=\u00a0\u00bb50px\u00a0\u00bb image_repeat=\u00a0\u00bbno-repeat\u00a0\u00bb][vc_column_text] NOTRE HISTOIRE ET NOTRE EQUIPE [\/vc_column_text][vc_empty_space height=\u00a0\u00bb50px\u00a0\u00bb image_repeat=\u00a0\u00bbno-repeat\u00a0\u00bb][vc_single_image image=\u00a0\u00bb3246&Prime; img_size=\u00a0\u00bbfull\u00a0\u00bb alignment=\u00a0\u00bbcenter\u00a0\u00bb qode_css_animation=\u00a0\u00bbelement_from_fade\u00a0\u00bb][vc_empty_space height=\u00a0\u00bb50px\u00a0\u00bb image_repeat=\u00a0\u00bbno-repeat\u00a0\u00bb][\/vc_column][\/vc_row][vc_row row_type=\u00a0\u00bbrow\u00a0\u00bb use_row_as_full_screen_section=\u00a0\u00bbno\u00a0\u00bb type=\u00a0\u00bbfull_width\u00a0\u00bb oblique_section=\u00a0\u00bbno\u00a0\u00bb text_align=\u00a0\u00bbleft\u00a0\u00bb css_animation=\u00a0\u00bb\u00a0\u00bb box_shadow_on_row=\u00a0\u00bbno\u00a0\u00bb][vc_column][vc_column_text] N\u00e9 d\u2019une fusion entre quatre italiens passionn\u00e9s&#8230;<\/p>\n","protected":false},"author":4,"featured_media":0,"parent":0,"menu_order":0,"comment_status":"closed","ping_status":"closed","template":"","meta":{"footnotes":""},"class_list":["post-4815","page","type-page","status-publish","hentry"],"_links":{"self":[{"href":"https:\/\/madawaytours.com\/fr\/wp-json\/wp\/v2\/pages\/4815"}],"collection":[{"href":"https:\/\/madawaytours.com\/fr\/wp-json\/wp\/v2\/pages"}],"about":[{"href":"https:\/\/madawaytours.com\/fr\/wp-json\/wp\/v2\/types\/page"}],"author":[{"embeddable":true,"href":"https:\/\/madawaytours.com\/fr\/wp-json\/wp\/v2\/users\/4"}],"replies":[{"embeddable":true,"href":"https:\/\/madawaytours.com\/fr\/wp-json\/wp\/v2\/comments?post=4815"}],"version-history":[{"count":5,"href":"https:\/\/madawaytours.com\/fr\/wp-json\/wp\/v2\/pages\/4815\/revisions"}],"predecessor-version":[{"id":5005,"href":"https:\/\/madawaytours.com\/fr\/wp-json\/wp\/v2\/pages\/4815\/revisions\/5005"}],"wp:attachment":[{"href":"https:\/\/madawaytours.com\/fr\/wp-json\/wp\/v2\/media?parent=4815"}],"curies":[{"name":"wp","href":"https:\/\/api.w.org\/{rel}","templated":true}]}}