{"id":4824,"date":"2020-09-22T12:50:06","date_gmt":"2020-09-22T10:50:06","guid":{"rendered":"https:\/\/madawaytours.com\/?page_id=4824"},"modified":"2020-09-22T12:50:06","modified_gmt":"2020-09-22T10:50:06","slug":"madagascar","status":"publish","type":"page","link":"https:\/\/madawaytours.com\/fr\/madagascar\/","title":{"rendered":"Madagascar"},"content":{"rendered":"<p>[vc_row row_type=\u00a0\u00bbrow\u00a0\u00bb use_row_as_full_screen_section=\u00a0\u00bbno\u00a0\u00bb type=\u00a0\u00bbgrid\u00a0\u00bb oblique_section=\u00a0\u00bbno\u00a0\u00bb text_align=\u00a0\u00bbleft\u00a0\u00bb css_animation=\u00a0\u00bb\u00a0\u00bb box_shadow_on_row=\u00a0\u00bbno\u00a0\u00bb][vc_column][vc_empty_space height=\u00a0\u00bb50px\u00a0\u00bb image_repeat=\u00a0\u00bbno-repeat\u00a0\u00bb][vc_column_text]<\/p>\n<div class=\"wpb_text_column wpb_content_element \">\n<div class=\"wpb_wrapper\">\n<p class=\"p1\" style=\"text-align: center;\"><strong>A LA DECOUVERTE DE MADAGASCAR<\/strong><\/p>\n<\/div>\n<\/div>\n<p>[\/vc_column_text][vc_empty_space height=\u00a0\u00bb50px\u00a0\u00bb image_repeat=\u00a0\u00bbno-repeat\u00a0\u00bb][vc_single_image image=\u00a0\u00bb1257&Prime; img_size=\u00a0\u00bbfull\u00a0\u00bb alignment=\u00a0\u00bbcenter\u00a0\u00bb qode_css_animation=\u00a0\u00bb\u00a0\u00bb][vc_empty_space height=\u00a0\u00bb50px\u00a0\u00bb image_repeat=\u00a0\u00bbno-repeat\u00a0\u00bb][\/vc_column][\/vc_row][vc_row row_type=\u00a0\u00bbrow\u00a0\u00bb use_row_as_full_screen_section=\u00a0\u00bbno\u00a0\u00bb type=\u00a0\u00bbgrid\u00a0\u00bb oblique_section=\u00a0\u00bbno\u00a0\u00bb text_align=\u00a0\u00bbleft\u00a0\u00bb css_animation=\u00a0\u00bb\u00a0\u00bb box_shadow_on_row=\u00a0\u00bbno\u00a0\u00bb][vc_column width=\u00a0\u00bb1\/2&Prime;][vc_column_text]<\/p>\n<div class=\"page-header\">\n<p><strong>INTRODUTION<\/strong><\/p>\n<p>Madagascar est souvent appel\u00e9 l\u2019Ile Continent, l\u2019Ile Rouge ou encore le Huiti\u00e8me Continent. Madagascar fait partie de l\u2019Union Africaine. Le pays abrite plus de 12 000 esp\u00e8ces de plantes dont 70\/80% sont end\u00e9miques. C\u2019est ainsi que la flore de Madagascar figure parmi l\u2019une des plus importantes et des plus diversifi\u00e9es au monde.<\/p>\n<\/div>\n<p>[\/vc_column_text][vc_empty_space height=\u00a0\u00bb50px\u00a0\u00bb image_repeat=\u00a0\u00bbno-repeat\u00a0\u00bb][vc_column_text]<\/p>\n<div class=\"page-header\">\n<p><b>FLORA<\/b><\/p>\n<div class=\"page\" title=\"Page 2\">\n<div class=\"layoutArea\">\n<div class=\"column\">\n<p class=\"p1\">Diff\u00e9rentes esp\u00e8ces de Baobab, des plantes carnivores et plus de mille orchid\u00e9es. On recense plusieurs plantes \u00e0 vertu th\u00e9rapeutique \u00e0 Madagascar, celles-ci sont \u00e9tudi\u00e9es au niveau international. Les huiles essentielles de cannelle, de girofle, de Niaouli, d\u2019Ylang-Ylang, de G\u00e9ranium, de citronnelle et d\u2019autres plantes sont \u00e9galement tr\u00e8s appr\u00e9ci\u00e9es.<\/p>\n<\/div>\n<\/div>\n<\/div>\n<\/div>\n<p>[\/vc_column_text][vc_empty_space height=\u00a0\u00bb50px\u00a0\u00bb image_repeat=\u00a0\u00bbno-repeat\u00a0\u00bb][vc_column_text]<\/p>\n<div class=\"page-header\">\n<p class=\"p1\"><strong>MONNAIE<\/strong><\/p>\n<p class=\"p1\">La monnaie locale est l\u2019Ariary (MGA), cours moyen bancaire : 1 euro = 3 500 MGA. L\u2019utilisation des cartes VISA et MASTERCARD est limit\u00e9e (villes principales et h\u00f4tels de haut standing). Habituellement les paiements par carte de cr\u00e9dit impliquent une commission bancaire de 5%. Les GAB sont disponibles dans les grandes villes. Un retrait maximum de 400\u00a0000 MGA est autoris\u00e9.<\/p>\n<\/div>\n<p>[\/vc_column_text][vc_empty_space height=\u00a0\u00bb50px\u00a0\u00bb image_repeat=\u00a0\u00bbno-repeat\u00a0\u00bb][vc_column_text]<\/p>\n<div class=\"page-header\">\n<p class=\"p1\"><strong>TELECOMMUNICATION<\/strong><\/p>\n<p class=\"p1\">Pour \u00e9mettre de l\u2019\u00e9tranger un appel pour Madagascar: 00261 + code de l\u2019op\u00e9rateur local + num\u00e9ro de t\u00e9l\u00e9phone. Pour \u00e9mettre de Madagascar un appel pour l\u2019\u00e9tranger: 00 + indicatif pays + num\u00e9ro de t\u00e9l\u00e9phone.<\/p>\n<\/div>\n<p>[\/vc_column_text][vc_empty_space height=\u00a0\u00bb100px\u00a0\u00bb image_repeat=\u00a0\u00bbno-repeat\u00a0\u00bb][\/vc_column][vc_column width=\u00a0\u00bb1\/2&Prime;][vc_column_text]<\/p>\n<div class=\"page-header\">\n<p><strong>CLIMAT<\/strong><\/p>\n<div class=\"page\" title=\"Page 2\">\n<div class=\"layoutArea\">\n<div class=\"column\">\n<p>Il existe une saison s\u00e8che (d\u2019Avril \u00e0 Novembre) et une saison pluvieuse (de D\u00e9cembre \u00e0 Mars). Ceci \u00e9tant le climat peut \u00eatre diff\u00e9rent selon les r\u00e9gions. Humide \u00e0 l\u2019Est et sec dans le Sud.<\/p>\n<\/div>\n<\/div>\n<\/div>\n<\/div>\n<p>[\/vc_column_text][vc_empty_space height=\u00a0\u00bb50px\u00a0\u00bb image_repeat=\u00a0\u00bbno-repeat\u00a0\u00bb][vc_column_text]<\/p>\n<div class=\"page-header\">\n<div class=\"page-header\">\n<p><strong>FAUN<\/strong><\/p>\n<p class=\"p1\">Les l\u00e9muriens restent la principale mascotte du pays. Mais on y recense \u00e9galement les plus beaux cam\u00e9l\u00e9ons du monde, de magnifiques papillons, des oiseaux rares, des reptiles et une faune aquatique surprenante.<\/p>\n<\/div>\n<\/div>\n<p>[\/vc_column_text][vc_empty_space height=\u00a0\u00bb50px\u00a0\u00bb image_repeat=\u00a0\u00bbno-repeat\u00a0\u00bb][vc_column_text]<\/p>\n<div class=\"page-header\">\n<div class=\"page-header\">\n<p class=\"p1\"><strong>VISA ET FORMALITES<\/strong><\/p>\n<\/div>\n<p class=\"p1\">Le visa peut \u00eatre \u00e9mis \u00e0 votre arriv\u00e9e \u00e0 l\u2019a\u00e9roport d\u2019Antananarivo et de Nosy Be. Pour un s\u00e9jour de moins de 30 jours, le co\u00fbt du visa est de 125 000 MGA (environ 35 euros, variable selon le taux du jour). Le paiement se fait en esp\u00e8ces. Toute entr\u00e9e \u00e0 Madagascar n\u00e9cessite un passeport valable au moins 06 mois apr\u00e8s votre date de retour.<\/p>\n<\/div>\n<p>[\/vc_column_text][vc_empty_space height=\u00a0\u00bb50px\u00a0\u00bb image_repeat=\u00a0\u00bbno-repeat\u00a0\u00bb][vc_column_text]<\/p>\n<div class=\"page-header\">\n<div class=\"page-header\">\n<p class=\"p1\"><strong>QUE FAUT-IL EMMENER?<br \/>\n<\/strong>Imperm\u00e9able ou K-way<br \/>\nPullover<br \/>\nChaussures de marche ou basket<br \/>\nSandales de mer<br \/>\nMaillot de bain<br \/>\nLunettes de soleil<br \/>\nChapeau<br \/>\nLotion anti moustique<br \/>\nCr\u00e8me \u00e9cran solaire<\/p>\n<\/div>\n<\/div>\n<p>[\/vc_column_text][vc_empty_space height=\u00a0\u00bb100px\u00a0\u00bb image_repeat=\u00a0\u00bbno-repeat\u00a0\u00bb][\/vc_column][\/vc_row]<\/p>\n","protected":false},"excerpt":{"rendered":"<p>[vc_row row_type=\u00a0\u00bbrow\u00a0\u00bb use_row_as_full_screen_section=\u00a0\u00bbno\u00a0\u00bb type=\u00a0\u00bbgrid\u00a0\u00bb oblique_section=\u00a0\u00bbno\u00a0\u00bb text_align=\u00a0\u00bbleft\u00a0\u00bb css_animation=\u00a0\u00bb\u00a0\u00bb box_shadow_on_row=\u00a0\u00bbno\u00a0\u00bb][vc_column][vc_empty_space height=\u00a0\u00bb50px\u00a0\u00bb image_repeat=\u00a0\u00bbno-repeat\u00a0\u00bb][vc_column_text] A LA DECOUVERTE DE MADAGASCAR [\/vc_column_text][vc_empty_space height=\u00a0\u00bb50px\u00a0\u00bb image_repeat=\u00a0\u00bbno-repeat\u00a0\u00bb][vc_single_image image=\u00a0\u00bb1257&Prime; img_size=\u00a0\u00bbfull\u00a0\u00bb alignment=\u00a0\u00bbcenter\u00a0\u00bb qode_css_animation=\u00a0\u00bb\u00a0\u00bb][vc_empty_space height=\u00a0\u00bb50px\u00a0\u00bb image_repeat=\u00a0\u00bbno-repeat\u00a0\u00bb][\/vc_column][\/vc_row][vc_row row_type=\u00a0\u00bbrow\u00a0\u00bb use_row_as_full_screen_section=\u00a0\u00bbno\u00a0\u00bb type=\u00a0\u00bbgrid\u00a0\u00bb oblique_section=\u00a0\u00bbno\u00a0\u00bb text_align=\u00a0\u00bbleft\u00a0\u00bb css_animation=\u00a0\u00bb\u00a0\u00bb box_shadow_on_row=\u00a0\u00bbno\u00a0\u00bb][vc_column width=\u00a0\u00bb1\/2&Prime;][vc_column_text] INTRODUTION Madagascar est souvent appel\u00e9 l\u2019Ile Continent, l\u2019Ile Rouge ou encore le Huiti\u00e8me&#8230;<\/p>\n","protected":false},"author":4,"featured_media":0,"parent":0,"menu_order":0,"comment_status":"closed","ping_status":"closed","template":"","meta":{"footnotes":""},"class_list":["post-4824","page","type-page","status-publish","hentry"],"_links":{"self":[{"href":"https:\/\/madawaytours.com\/fr\/wp-json\/wp\/v2\/pages\/4824"}],"collection":[{"href":"https:\/\/madawaytours.com\/fr\/wp-json\/wp\/v2\/pages"}],"about":[{"href":"https:\/\/madawaytours.com\/fr\/wp-json\/wp\/v2\/types\/page"}],"author":[{"embeddable":true,"href":"https:\/\/madawaytours.com\/fr\/wp-json\/wp\/v2\/users\/4"}],"replies":[{"embeddable":true,"href":"https:\/\/madawaytours.com\/fr\/wp-json\/wp\/v2\/comments?post=4824"}],"version-history":[{"count":1,"href":"https:\/\/madawaytours.com\/fr\/wp-json\/wp\/v2\/pages\/4824\/revisions"}],"predecessor-version":[{"id":4825,"href":"https:\/\/madawaytours.com\/fr\/wp-json\/wp\/v2\/pages\/4824\/revisions\/4825"}],"wp:attachment":[{"href":"https:\/\/madawaytours.com\/fr\/wp-json\/wp\/v2\/media?parent=4824"}],"curies":[{"name":"wp","href":"https:\/\/api.w.org\/{rel}","templated":true}]}}