{"id":4846,"date":"2020-09-29T16:33:00","date_gmt":"2020-09-29T14:33:00","guid":{"rendered":"https:\/\/madawaytours.com\/?page_id=4846"},"modified":"2020-11-09T11:34:34","modified_gmt":"2020-11-09T10:34:34","slug":"tour-of-the-south-anakao","status":"publish","type":"page","link":"https:\/\/madawaytours.com\/fr\/tour-of-the-south-anakao\/","title":{"rendered":"Tour du Sud \/ Anakao"},"content":{"rendered":"<p>[vc_row row_type=\u00a0\u00bbrow\u00a0\u00bb use_row_as_full_screen_section=\u00a0\u00bbno\u00a0\u00bb type=\u00a0\u00bbgrid\u00a0\u00bb oblique_section=\u00a0\u00bbno\u00a0\u00bb text_align=\u00a0\u00bbleft\u00a0\u00bb css_animation=\u00a0\u00bbelement_from_fade\u00a0\u00bb box_shadow_on_row=\u00a0\u00bbno\u00a0\u00bb][vc_column][vc_empty_space height=\u00a0\u00bb20px\u00a0\u00bb image_repeat=\u00a0\u00bbno-repeat\u00a0\u00bb][vc_column_text]<\/p>\n<h2 style=\"text-align: center;\">Tour du Sud \/ Anakao<\/h2>\n<p>&nbsp;<\/p>\n<p>&nbsp;<\/p>\n<h4><\/h4>\n<h3 style=\"text-align: center;\">A la Decouverte du Sud<\/h3>\n<p>[\/vc_column_text][vc_empty_space height=\u00a0\u00bb50px\u00a0\u00bb image_repeat=\u00a0\u00bbno-repeat\u00a0\u00bb][vc_single_image image=\u00a0\u00bb3410&Prime; img_size=\u00a0\u00bbfull\u00a0\u00bb alignment=\u00a0\u00bbcenter\u00a0\u00bb qode_css_animation=\u00a0\u00bb\u00a0\u00bb][vc_empty_space height=\u00a0\u00bb50px\u00a0\u00bb image_repeat=\u00a0\u00bbno-repeat\u00a0\u00bb][\/vc_column][\/vc_row][vc_row row_type=\u00a0\u00bbrow\u00a0\u00bb use_row_as_full_screen_section=\u00a0\u00bbno\u00a0\u00bb type=\u00a0\u00bbgrid\u00a0\u00bb oblique_section=\u00a0\u00bbno\u00a0\u00bb text_align=\u00a0\u00bbleft\u00a0\u00bb css_animation=\u00a0\u00bbelement_from_fade\u00a0\u00bb box_shadow_on_row=\u00a0\u00bbno\u00a0\u00bb][vc_column width=\u00a0\u00bb1\/2&Prime;][vc_column_text]<strong>Day 1 &#8211; Antananarivo<br \/>\n<\/strong>Accueil par votre guide \u00e0 l\u2019a\u00e9roport. Briefing et transfert \u00e0 l\u2019h\u00f4tel<br \/>\nAu Bois Vert<\/p>\n<p>&nbsp;<\/p>\n<p><strong>Day 2 &#8211; Andasibe<br \/>\n<\/strong>D\u00e9part pour Andasibe<br \/>\nVisite de la R\u00e9serve Priv\u00e9e de Vakona<br \/>\nVakona Forest Lodge<\/p>\n<p>&nbsp;<\/p>\n<p><strong>Day 3 &#8211; Andasibe<br \/>\n<\/strong>Visite de la R\u00e9serve d\u2019Andasibe<br \/>\nVakona Forest Lodge<\/p>\n<p>&nbsp;<\/p>\n<p><strong>Day 4 &#8211; Antsirabe<br \/>\n<\/strong>Visite d\u2019Ambatolampy<br \/>\nD\u00e9part pour Antsirabe \u00e0 la d\u00e9couverte des paysages typiques et multicolores<br \/>\nThe Royal Palace<\/p>\n<p>&nbsp;<\/p>\n<p><strong>Day 5 &#8211; Ranomafana<br \/>\n<\/strong>Visitede la ville d\u2019Ambositra<br \/>\nSetam Lodge<\/p>\n<p>&nbsp;<\/p>\n<p><strong>Day 6 &#8211; Fianarantsoa<\/strong><br \/>\nD\u00e9part pour Fianarantsoa<br \/>\nVisite du Parc National de Ranomafana<br \/>\nVilla Sylvestre<\/p>\n<p>&nbsp;<\/p>\n<p><strong>Day 7 &#8211; Ranohira (Isalo)<br \/>\n<\/strong>Petit d\u00e9jeuner d\u00e9part pourRanohira, arr\u00eat \u00e0Ambalavao<br \/>\nVisitede la R\u00e9serve de Anja<br \/>\nLe Relais de la Reine<\/p>\n<p>&nbsp;<\/p>\n<p><strong>Day 8 &#8211; Ranohira (Isalo)<br \/>\n<\/strong>Visite du Parc National d\u2019Isalo<br \/>\nLe Relais de la Reine<\/p>\n<p>&nbsp;<\/p>\n<p><strong>Day 9 &#8211; Tul\u00e9ar (Toliary)<\/strong><br \/>\nD\u00e9part vers le Sud jusqu\u2019\u00e0 Tul\u00e9ar<br \/>\nVisitede la ville de Tul\u00e9ar<br \/>\nVisitede l\u2019Arboretum (un jardin botanique)<br \/>\nHotel Hyppocampo[\/vc_column_text][vc_empty_space height=\u00a0\u00bb50px\u00a0\u00bb image_repeat=\u00a0\u00bbno-repeat\u00a0\u00bb][\/vc_column][vc_column width=\u00a0\u00bb1\/2&Prime;][vc_column_text]<strong>Giorno 10 &#8211; Tul\u00e9ar (Toliary)<br \/>\n<\/strong>Rencontre \u00e0 l\u2019h\u00f4tel et transfert au port de Tul\u00e9ar<br \/>\nEmbarcation et transfert \u00e0 Anakao<br \/>\nS\u00e9jour mer<br \/>\nAnakaoOcean Lodge<\/p>\n<p>&nbsp;<\/p>\n<p><strong>Day 11 &#8211; Tul\u00e9ar (Toliary)<br \/>\n<\/strong>S\u00e9jour mer<br \/>\nAnakaoOcean Lodge<\/p>\n<p>&nbsp;<\/p>\n<p><strong>Day 12 &#8211;\u00a0 Tul\u00e9ar (Toliary)<\/strong><br \/>\nS\u00e9jour mer<br \/>\nAnakao Ocean Lodge<\/p>\n<p>&nbsp;<\/p>\n<p><strong>Day 13 &#8211; Tul\u00e9ar (Toliary)<br \/>\n<\/strong>S\u00e9jour mer<br \/>\nAnakao Ocean Lodge<\/p>\n<p>&nbsp;<\/p>\n<p><strong>Day 14 &#8211; Tul\u00e9ar (Toliary)<br \/>\n<\/strong>S\u00e9jour mer<br \/>\nAnakao Ocean Lodge<\/p>\n<p>&nbsp;<\/p>\n<p><strong>Day 15 &#8211; Tul\u00e9ar (Toliary)<br \/>\n<\/strong>S\u00e9jour mer<br \/>\nAnakao Ocean Lodge<\/p>\n<p>&nbsp;<\/p>\n<p><strong>Day 16 &#8211; Tul\u00e9ar (Toliary)<br \/>\n<\/strong>S\u00e9jour mer<br \/>\nAnakao Ocean Lodge<\/p>\n<p>&nbsp;<\/p>\n<p><strong>Day 17 &#8211; Antananarivo<br \/>\n<\/strong>Rencontre \u00e0 l\u2019h\u00f4tel et transfert au port de Tul\u00e9ar<br \/>\nAccueil au port de Tul\u00e9ar et transfert\u00e0 l\u2019a\u00e9roport<br \/>\nVol interne Tul\u00e9ar \/Antananarivo<br \/>\nAccueil par votre guide \u00e0 l\u2019a\u00e9roport d\u2019Antananarivo et transfert \u00e0 l\u2019h\u00f4tel<br \/>\nHotel Le Louvre<\/p>\n<p>&nbsp;<\/p>\n<p><strong>Day 18 &#8211; Antananarivo<br \/>\n<\/strong>Visite de la ville d\u2019Antananarivo<br \/>\nTransfert \u00e0 l\u2019a\u00e9roport pour votre vol de retour[\/vc_column_text][vc_empty_space height=\u00a0\u00bb50px\u00a0\u00bb image_repeat=\u00a0\u00bbno-repeat\u00a0\u00bb][\/vc_column][\/vc_row][vc_row row_type=\u00a0\u00bbrow\u00a0\u00bb use_row_as_full_screen_section=\u00a0\u00bbno\u00a0\u00bb type=\u00a0\u00bbfull_width\u00a0\u00bb oblique_section=\u00a0\u00bbno\u00a0\u00bb text_align=\u00a0\u00bbleft\u00a0\u00bb css_animation=\u00a0\u00bb\u00a0\u00bb box_shadow_on_row=\u00a0\u00bbno\u00a0\u00bb][vc_column][vc_empty_space height=\u00a0\u00bb100px\u00a0\u00bb image_repeat=\u00a0\u00bbno-repeat\u00a0\u00bb][vc_single_image image=\u00a0\u00bb474&Prime; img_size=\u00a0\u00bbfull\u00a0\u00bb alignment=\u00a0\u00bbcenter\u00a0\u00bb qode_css_animation=\u00a0\u00bbelement_from_fade\u00a0\u00bb][vc_empty_space height=\u00a0\u00bb100px\u00a0\u00bb image_repeat=\u00a0\u00bbno-repeat\u00a0\u00bb][\/vc_column][\/vc_row][vc_row row_type=\u00a0\u00bbrow\u00a0\u00bb use_row_as_full_screen_section=\u00a0\u00bbno\u00a0\u00bb type=\u00a0\u00bbfull_width\u00a0\u00bb oblique_section=\u00a0\u00bbno\u00a0\u00bb text_align=\u00a0\u00bbleft\u00a0\u00bb css_animation=\u00a0\u00bb\u00a0\u00bb box_shadow_on_row=\u00a0\u00bbno\u00a0\u00bb][vc_column width=\u00a0\u00bb1\/3&Prime;][vc_single_image image=\u00a0\u00bb3413&Prime; img_size=\u00a0\u00bblarge\u00a0\u00bb alignment=\u00a0\u00bbcenter\u00a0\u00bb style=\u00a0\u00bbvc_box_circle_2&Prime; qode_css_animation=\u00a0\u00bb\u00a0\u00bb][vc_empty_space height=\u00a0\u00bb100px\u00a0\u00bb image_repeat=\u00a0\u00bbno-repeat\u00a0\u00bb][\/vc_column][vc_column width=\u00a0\u00bb1\/3&Prime;][vc_single_image image=\u00a0\u00bb3416&Prime; img_size=\u00a0\u00bblarge\u00a0\u00bb alignment=\u00a0\u00bbcenter\u00a0\u00bb style=\u00a0\u00bbvc_box_circle_2&Prime; qode_css_animation=\u00a0\u00bb\u00a0\u00bb][vc_empty_space height=\u00a0\u00bb100px\u00a0\u00bb image_repeat=\u00a0\u00bbno-repeat\u00a0\u00bb][\/vc_column][vc_column width=\u00a0\u00bb1\/3&Prime;][vc_single_image image=\u00a0\u00bb3419&Prime; img_size=\u00a0\u00bblarge\u00a0\u00bb alignment=\u00a0\u00bbcenter\u00a0\u00bb style=\u00a0\u00bbvc_box_circle_2&Prime; qode_css_animation=\u00a0\u00bb\u00a0\u00bb][vc_empty_space height=\u00a0\u00bb100px\u00a0\u00bb image_repeat=\u00a0\u00bbno-repeat\u00a0\u00bb][\/vc_column][\/vc_row]<\/p>\n","protected":false},"excerpt":{"rendered":"<p>[vc_row row_type=\u00a0\u00bbrow\u00a0\u00bb use_row_as_full_screen_section=\u00a0\u00bbno\u00a0\u00bb type=\u00a0\u00bbgrid\u00a0\u00bb oblique_section=\u00a0\u00bbno\u00a0\u00bb text_align=\u00a0\u00bbleft\u00a0\u00bb css_animation=\u00a0\u00bbelement_from_fade\u00a0\u00bb box_shadow_on_row=\u00a0\u00bbno\u00a0\u00bb][vc_column][vc_empty_space height=\u00a0\u00bb20px\u00a0\u00bb image_repeat=\u00a0\u00bbno-repeat\u00a0\u00bb][vc_column_text] Tour du Sud \/ Anakao &nbsp; &nbsp; A la Decouverte du Sud [\/vc_column_text][vc_empty_space height=\u00a0\u00bb50px\u00a0\u00bb image_repeat=\u00a0\u00bbno-repeat\u00a0\u00bb][vc_single_image image=\u00a0\u00bb3410&Prime; img_size=\u00a0\u00bbfull\u00a0\u00bb alignment=\u00a0\u00bbcenter\u00a0\u00bb qode_css_animation=\u00a0\u00bb\u00a0\u00bb][vc_empty_space height=\u00a0\u00bb50px\u00a0\u00bb image_repeat=\u00a0\u00bbno-repeat\u00a0\u00bb][\/vc_column][\/vc_row][vc_row row_type=\u00a0\u00bbrow\u00a0\u00bb use_row_as_full_screen_section=\u00a0\u00bbno\u00a0\u00bb type=\u00a0\u00bbgrid\u00a0\u00bb oblique_section=\u00a0\u00bbno\u00a0\u00bb text_align=\u00a0\u00bbleft\u00a0\u00bb css_animation=\u00a0\u00bbelement_from_fade\u00a0\u00bb box_shadow_on_row=\u00a0\u00bbno\u00a0\u00bb][vc_column width=\u00a0\u00bb1\/2&Prime;][vc_column_text]Day 1 &#8211; Antananarivo Accueil par votre&#8230;<\/p>\n","protected":false},"author":4,"featured_media":0,"parent":0,"menu_order":0,"comment_status":"closed","ping_status":"closed","template":"","meta":{"footnotes":""},"class_list":["post-4846","page","type-page","status-publish","hentry"],"_links":{"self":[{"href":"https:\/\/madawaytours.com\/fr\/wp-json\/wp\/v2\/pages\/4846"}],"collection":[{"href":"https:\/\/madawaytours.com\/fr\/wp-json\/wp\/v2\/pages"}],"about":[{"href":"https:\/\/madawaytours.com\/fr\/wp-json\/wp\/v2\/types\/page"}],"author":[{"embeddable":true,"href":"https:\/\/madawaytours.com\/fr\/wp-json\/wp\/v2\/users\/4"}],"replies":[{"embeddable":true,"href":"https:\/\/madawaytours.com\/fr\/wp-json\/wp\/v2\/comments?post=4846"}],"version-history":[{"count":2,"href":"https:\/\/madawaytours.com\/fr\/wp-json\/wp\/v2\/pages\/4846\/revisions"}],"predecessor-version":[{"id":4848,"href":"https:\/\/madawaytours.com\/fr\/wp-json\/wp\/v2\/pages\/4846\/revisions\/4848"}],"wp:attachment":[{"href":"https:\/\/madawaytours.com\/fr\/wp-json\/wp\/v2\/media?parent=4846"}],"curies":[{"name":"wp","href":"https:\/\/api.w.org\/{rel}","templated":true}]}}