{"id":4895,"date":"2020-10-05T09:45:04","date_gmt":"2020-10-05T07:45:04","guid":{"rendered":"https:\/\/madawaytours.com\/?page_id=4895"},"modified":"2020-11-09T11:34:48","modified_gmt":"2020-11-09T10:34:48","slug":"tour-dellovest","status":"publish","type":"page","link":"https:\/\/madawaytours.com\/fr\/tour-dellovest\/","title":{"rendered":"Tour dell&rsquo;Ovest"},"content":{"rendered":"<p>[vc_row row_type=\u00a0\u00bbrow\u00a0\u00bb use_row_as_full_screen_section=\u00a0\u00bbno\u00a0\u00bb type=\u00a0\u00bbgrid\u00a0\u00bb oblique_section=\u00a0\u00bbno\u00a0\u00bb text_align=\u00a0\u00bbleft\u00a0\u00bb css_animation=\u00a0\u00bbelement_from_fade\u00a0\u00bb box_shadow_on_row=\u00a0\u00bbno\u00a0\u00bb][vc_column][vc_empty_space height=\u00a0\u00bb20px\u00a0\u00bb image_repeat=\u00a0\u00bbno-repeat\u00a0\u00bb][vc_column_text]<\/p>\n<h2 style=\"text-align: center;\">Tour de l&rsquo;Ouest<\/h2>\n<p>&nbsp;<\/p>\n<p>&nbsp;<\/p>\n<h3 style=\"text-align: center;\">A l&rsquo;ombre des Baobabs<\/h3>\n<p>[\/vc_column_text][vc_empty_space height=\u00a0\u00bb50px\u00a0\u00bb image_repeat=\u00a0\u00bbno-repeat\u00a0\u00bb][vc_single_image image=\u00a0\u00bb1253&Prime; img_size=\u00a0\u00bbfull\u00a0\u00bb alignment=\u00a0\u00bbcenter\u00a0\u00bb qode_css_animation=\u00a0\u00bb\u00a0\u00bb][vc_empty_space height=\u00a0\u00bb50px\u00a0\u00bb image_repeat=\u00a0\u00bbno-repeat\u00a0\u00bb][\/vc_column][\/vc_row][vc_row row_type=\u00a0\u00bbrow\u00a0\u00bb use_row_as_full_screen_section=\u00a0\u00bbno\u00a0\u00bb type=\u00a0\u00bbgrid\u00a0\u00bb oblique_section=\u00a0\u00bbno\u00a0\u00bb text_align=\u00a0\u00bbleft\u00a0\u00bb css_animation=\u00a0\u00bb\u00a0\u00bb box_shadow_on_row=\u00a0\u00bbno\u00a0\u00bb][vc_column width=\u00a0\u00bb1\/2&Prime;][vc_column_text]<strong>Jour 1 &#8211; Antananarivo<br \/>\n<\/strong>Accueil \u00e0 l\u2019A\u00e9roport<br \/>\nBriefing et transfert \u00e0 l\u2019h\u00f4tel<br \/>\nHotel du Louvre<\/p>\n<p>&nbsp;<\/p>\n<p><strong>Jour 2 &#8211; <\/strong><b>Antananarivo &#8211; Antsirabe &#8211; Miandrivazo<br \/>\n<\/b>Tr\u00e8s t\u00f4t dans la matin\u00e9e, d\u00e9part pour Antsirabe en passant par Ambatolampy<br \/>\nPetite visite d&rsquo;un atelier d&rsquo;artisanat familial de fabrication de po\u00eales et de casseroles<br \/>\nContinuation vers Miandrivazo<br \/>\nPrincesse Tsiribihina<\/p>\n<p>&nbsp;<\/p>\n<p><strong>Jour 3 &#8211; <\/strong><b>Miandrivazo &#8211; Morondava<br \/>\n<\/b>Apr\u00e8s le petit d\u00e9jeuner, d\u00e9part vers Morondava<br \/>\nArriv\u00e9e \u00e0 Morondava, la capital du r\u00e8gne Menabe sur le fleuve du Canal de Mozambique entour\u00e9 de mangroves et de lagunes<br \/>\nPalissandre C\u00f4te Ouest<\/p>\n<p>&nbsp;<\/p>\n<p><strong>Jour 4 &#8211; <\/strong><b>Morondava &#8211; Bekopaka Bemaraha<br \/>\n<\/b>Apr\u00e8s le petit d\u00e9jeuner, d\u00e9part vers Bekopaka traversant la brousse sur une piste<br \/>\nArriv\u00e9e pr\u00e9vue en fin d&rsquo;apr\u00e8s-midi<br \/>\nSoleil des Tsingy<\/p>\n<p>&nbsp;<\/p>\n<p><strong>Jour 5 &#8211; <\/strong><b>Bekopaka Bemaraha: v<\/b><b>isite des Grands Tsingy<br \/>\n<\/b>NB: Bonne condition physique requise pour cette excursion<br \/>\nD\u00e9part matinal en 4 x 4 pour explorer les labyrinthes du Tsingy de Bemahara<br \/>\nSoleil des Tsingy[\/vc_column_text][vc_empty_space height=\u00a0\u00bb50px\u00a0\u00bb image_repeat=\u00a0\u00bbno-repeat\u00a0\u00bb][\/vc_column][vc_column width=\u00a0\u00bb1\/2&Prime;][vc_column_text]<strong>Jour<\/strong><strong> 6 &#8211; <\/strong><b>Bekopaka Bemaraha &#8211; Morondava<br \/>\n<\/b>Petit d\u00e9jeuner et retour \u00e0 Morondava<br \/>\nD\u00e9part pour la d\u00e9couverte des deux Baobabs entrecrois\u00e9s, \u201cle Baobab amoureux\u201d et la c\u00e9l\u00e8bre \u201cAvenuedes Baobabs\u201d pendant le coucher de soleil<br \/>\nArriv\u00e9e \u00e0 Morondava, transfert \u00e0 l\u2019h\u00f4tel<br \/>\nPalissandre C\u00f4te Ouest<\/p>\n<p>&nbsp;<\/p>\n<p><strong>Jour 7 &#8211; <\/strong><b>Morondava &#8211; Antsirabe<br \/>\n<\/b>Petit d\u00e9jeuner et d\u00e9part pour Antsirabe, arr\u00eat \u00e0 Miandrivazo pour le d\u00e9jeuner<br \/>\nApr\u00e8s le d\u00e9jeuner en route pour Antsirabe<br \/>\nArriv\u00e9e dans l\u2019apr\u00e8s-midi<br \/>\nCouleur Caf\u00e9<\/p>\n<p>&nbsp;<\/p>\n<p><strong>Jour 8 &#8211; <\/strong><b>Antsirabe &#8211; Antananarivo<br \/>\n<\/b>Petit d\u00e9jeuner et d\u00e9part pour un tour de la ville d\u2019Antsirabe<br \/>\nVisite d&rsquo;un atelier d&rsquo;artisanat o\u00f9 l&rsquo;on travaille la corne de Zebu<br \/>\nD\u00e9part pour Antananarivo et visite de la Capital avant le transfert \u00e0 l\u2019h\u00f4tel.<br \/>\nHotel Louvre<\/p>\n<p>&nbsp;<\/p>\n<p><strong>Jour 9 &#8211; <\/strong><b>Antananarivo &#8211; Out<br \/>\n<\/b>Transfert de l\u2019h\u00f4tel \u00e0 l\u2019a\u00e9roport pour votre vol de retour<br \/>\nPossibilit\u00e9 de poursuivre le voyage avec un s\u00e9jour mer \u00e0 Sainte Marie[\/vc_column_text][vc_empty_space height=\u00a0\u00bb50px\u00a0\u00bb image_repeat=\u00a0\u00bbno-repeat\u00a0\u00bb][\/vc_column][\/vc_row][vc_row row_type=\u00a0\u00bbrow\u00a0\u00bb use_row_as_full_screen_section=\u00a0\u00bbno\u00a0\u00bb type=\u00a0\u00bbfull_width\u00a0\u00bb oblique_section=\u00a0\u00bbno\u00a0\u00bb text_align=\u00a0\u00bbleft\u00a0\u00bb css_animation=\u00a0\u00bb\u00a0\u00bb box_shadow_on_row=\u00a0\u00bbno\u00a0\u00bb][vc_column][vc_empty_space height=\u00a0\u00bb100px\u00a0\u00bb image_repeat=\u00a0\u00bbno-repeat\u00a0\u00bb][vc_single_image image=\u00a0\u00bb605&Prime; img_size=\u00a0\u00bbfull\u00a0\u00bb alignment=\u00a0\u00bbcenter\u00a0\u00bb qode_css_animation=\u00a0\u00bbelement_from_fade\u00a0\u00bb][vc_empty_space height=\u00a0\u00bb100px\u00a0\u00bb image_repeat=\u00a0\u00bbno-repeat\u00a0\u00bb][\/vc_column][\/vc_row][vc_row row_type=\u00a0\u00bbrow\u00a0\u00bb use_row_as_full_screen_section=\u00a0\u00bbno\u00a0\u00bb type=\u00a0\u00bbfull_width\u00a0\u00bb oblique_section=\u00a0\u00bbno\u00a0\u00bb text_align=\u00a0\u00bbleft\u00a0\u00bb css_animation=\u00a0\u00bb\u00a0\u00bb box_shadow_on_row=\u00a0\u00bbno\u00a0\u00bb][vc_column width=\u00a0\u00bb1\/3&Prime;][vc_single_image image=\u00a0\u00bb3374&Prime; img_size=\u00a0\u00bblarge\u00a0\u00bb alignment=\u00a0\u00bbcenter\u00a0\u00bb style=\u00a0\u00bbvc_box_circle_2&Prime; qode_css_animation=\u00a0\u00bb\u00a0\u00bb][vc_empty_space height=\u00a0\u00bb100px\u00a0\u00bb image_repeat=\u00a0\u00bbno-repeat\u00a0\u00bb][\/vc_column][vc_column width=\u00a0\u00bb1\/3&Prime;][vc_single_image image=\u00a0\u00bb3377&Prime; img_size=\u00a0\u00bblarge\u00a0\u00bb alignment=\u00a0\u00bbcenter\u00a0\u00bb style=\u00a0\u00bbvc_box_circle_2&Prime; qode_css_animation=\u00a0\u00bb\u00a0\u00bb][vc_empty_space height=\u00a0\u00bb100px\u00a0\u00bb image_repeat=\u00a0\u00bbno-repeat\u00a0\u00bb][\/vc_column][vc_column width=\u00a0\u00bb1\/3&Prime;][vc_single_image image=\u00a0\u00bb3381&Prime; img_size=\u00a0\u00bblarge\u00a0\u00bb alignment=\u00a0\u00bbcenter\u00a0\u00bb style=\u00a0\u00bbvc_box_circle_2&Prime; qode_css_animation=\u00a0\u00bb\u00a0\u00bb][vc_empty_space height=\u00a0\u00bb100px\u00a0\u00bb image_repeat=\u00a0\u00bbno-repeat\u00a0\u00bb][\/vc_column][\/vc_row]<\/p>\n","protected":false},"excerpt":{"rendered":"<p>[vc_row row_type=\u00a0\u00bbrow\u00a0\u00bb use_row_as_full_screen_section=\u00a0\u00bbno\u00a0\u00bb type=\u00a0\u00bbgrid\u00a0\u00bb oblique_section=\u00a0\u00bbno\u00a0\u00bb text_align=\u00a0\u00bbleft\u00a0\u00bb css_animation=\u00a0\u00bbelement_from_fade\u00a0\u00bb box_shadow_on_row=\u00a0\u00bbno\u00a0\u00bb][vc_column][vc_empty_space height=\u00a0\u00bb20px\u00a0\u00bb image_repeat=\u00a0\u00bbno-repeat\u00a0\u00bb][vc_column_text] Tour de l&rsquo;Ouest &nbsp; &nbsp; A l&rsquo;ombre des Baobabs [\/vc_column_text][vc_empty_space height=\u00a0\u00bb50px\u00a0\u00bb image_repeat=\u00a0\u00bbno-repeat\u00a0\u00bb][vc_single_image image=\u00a0\u00bb1253&Prime; img_size=\u00a0\u00bbfull\u00a0\u00bb alignment=\u00a0\u00bbcenter\u00a0\u00bb qode_css_animation=\u00a0\u00bb\u00a0\u00bb][vc_empty_space height=\u00a0\u00bb50px\u00a0\u00bb image_repeat=\u00a0\u00bbno-repeat\u00a0\u00bb][\/vc_column][\/vc_row][vc_row row_type=\u00a0\u00bbrow\u00a0\u00bb use_row_as_full_screen_section=\u00a0\u00bbno\u00a0\u00bb type=\u00a0\u00bbgrid\u00a0\u00bb oblique_section=\u00a0\u00bbno\u00a0\u00bb text_align=\u00a0\u00bbleft\u00a0\u00bb css_animation=\u00a0\u00bb\u00a0\u00bb box_shadow_on_row=\u00a0\u00bbno\u00a0\u00bb][vc_column width=\u00a0\u00bb1\/2&Prime;][vc_column_text]Jour 1 &#8211; Antananarivo Accueil \u00e0 l\u2019A\u00e9roport Briefing et transfert&#8230;<\/p>\n","protected":false},"author":4,"featured_media":0,"parent":0,"menu_order":0,"comment_status":"closed","ping_status":"closed","template":"","meta":{"footnotes":""},"class_list":["post-4895","page","type-page","status-publish","hentry"],"_links":{"self":[{"href":"https:\/\/madawaytours.com\/fr\/wp-json\/wp\/v2\/pages\/4895"}],"collection":[{"href":"https:\/\/madawaytours.com\/fr\/wp-json\/wp\/v2\/pages"}],"about":[{"href":"https:\/\/madawaytours.com\/fr\/wp-json\/wp\/v2\/types\/page"}],"author":[{"embeddable":true,"href":"https:\/\/madawaytours.com\/fr\/wp-json\/wp\/v2\/users\/4"}],"replies":[{"embeddable":true,"href":"https:\/\/madawaytours.com\/fr\/wp-json\/wp\/v2\/comments?post=4895"}],"version-history":[{"count":3,"href":"https:\/\/madawaytours.com\/fr\/wp-json\/wp\/v2\/pages\/4895\/revisions"}],"predecessor-version":[{"id":4898,"href":"https:\/\/madawaytours.com\/fr\/wp-json\/wp\/v2\/pages\/4895\/revisions\/4898"}],"wp:attachment":[{"href":"https:\/\/madawaytours.com\/fr\/wp-json\/wp\/v2\/media?parent=4895"}],"curies":[{"name":"wp","href":"https:\/\/api.w.org\/{rel}","templated":true}]}}