{"id":5073,"date":"2025-02-10T14:44:29","date_gmt":"2025-02-10T13:44:29","guid":{"rendered":"https:\/\/madawaytours.com\/?page_id=5073"},"modified":"2025-02-10T14:44:29","modified_gmt":"2025-02-10T13:44:29","slug":"tourismedurable","status":"publish","type":"page","link":"https:\/\/madawaytours.com\/fr\/tourismedurable\/","title":{"rendered":"Tourisme Durable"},"content":{"rendered":"<p>NOTRE MISSION<\/p>\n<p>Chez Madaway Tours, notre objectif est simple : changer la fa\u00e7on dont les gens per\u00e7oivent Madagascar, en mettant en avant la beaut\u00e9 naturelle et la culture de l\u2019\u00eele tout en respectant des principes de durabilit\u00e9. Nous voulons que chaque voyage ait un impact positif, comme le font si bien les habitants de Madagascar avec leur incroyable art du recyclage et de la r\u00e9utilisation.<\/p>\n<p>Nous croyons qu\u2019en tant qu\u2019acteurs du tourisme responsable, nous devons aussi r\u00e9inventer notre mani\u00e8re de communiquer. Nous nous engageons \u00e0 \u00eatre plus \u00e9thiques, inclusifs et transparents dans toutes nos actions, en \u00e9vitant le greenwashing et en d\u00e9fendant une approche authentique.<\/p>\n<p>Chez Madaway Tours, nous pr\u00f4nons la diversit\u00e9, l\u2019\u00e9quit\u00e9 et l\u2019int\u00e9gration culturelle, en honorant les traditions locales tout en respectant les communaut\u00e9s. Nous promouvons des exp\u00e9riences \u00e9thiques et s\u00fbres, et nous veillons \u00e0 ce que nos actions ne soient jamais nuisibles aux habitants ou \u00e0 l\u2019environnement. Nous rejetons toute forme de n\u00e9ocolonialisme et nous nous assurons que les communaut\u00e9s locales sont repr\u00e9sent\u00e9es de mani\u00e8re respectueuse et valorisante.<\/p>\n<p>Nous croyons aussi que le tourisme peut \u00eatre un moteur de changement positif, en cr\u00e9ant un r\u00e9el sentiment d\u2019appartenance et de respect. Nos partenariats avec les villageois locaux sont une c\u00e9l\u00e9bration de la diversit\u00e9 des perspectives et des savoir-faire.<\/p>\n<p>Enfin, nous nous engageons \u00e0 respecter une \u00e9thique stricte en mati\u00e8re de marketing num\u00e9rique et \u00e0 prot\u00e9ger la vie priv\u00e9e de nos clients. Nous ne vendrons ni n\u2019abuserons de leurs donn\u00e9es, et nous rejetons activement les contenus et publicit\u00e9s num\u00e9riques qui ne respectent pas nos valeurs.<\/p>\n<p>Nous sommes convaincus qu&rsquo;un tourisme responsable est possible et que chaque voyage peut avoir un impact positif.<\/p>\n<p><a href=\"https:\/\/madawaytours.com\/wp-content\/uploads\/2025\/02\/Politique-de-durabilite-MADAWAY-TOURS-FR.pdf\">Politique de durabilit\u00e9 MADAWAY TOURS -FR<\/a>  <\/p>\n<p><a href=\"https:\/\/madawaytours.com\/wp-content\/uploads\/2025\/02\/Code-of-Conduct-Madaway-Tours-Official.pdf\">Code of Conduct Madaway Tours Official<\/a><\/p>\n","protected":false},"excerpt":{"rendered":"<p>NOTRE MISSION Chez Madaway Tours, notre objectif est simple : changer la fa\u00e7on dont les gens per\u00e7oivent Madagascar, en mettant en avant la beaut\u00e9 naturelle et la culture de l\u2019\u00eele tout en respectant des principes de durabilit\u00e9. Nous voulons que chaque voyage ait un impact&#8230;<\/p>\n","protected":false},"author":4,"featured_media":0,"parent":0,"menu_order":0,"comment_status":"closed","ping_status":"closed","template":"","meta":{"footnotes":""},"class_list":["post-5073","page","type-page","status-publish","hentry"],"_links":{"self":[{"href":"https:\/\/madawaytours.com\/fr\/wp-json\/wp\/v2\/pages\/5073"}],"collection":[{"href":"https:\/\/madawaytours.com\/fr\/wp-json\/wp\/v2\/pages"}],"about":[{"href":"https:\/\/madawaytours.com\/fr\/wp-json\/wp\/v2\/types\/page"}],"author":[{"embeddable":true,"href":"https:\/\/madawaytours.com\/fr\/wp-json\/wp\/v2\/users\/4"}],"replies":[{"embeddable":true,"href":"https:\/\/madawaytours.com\/fr\/wp-json\/wp\/v2\/comments?post=5073"}],"version-history":[{"count":6,"href":"https:\/\/madawaytours.com\/fr\/wp-json\/wp\/v2\/pages\/5073\/revisions"}],"predecessor-version":[{"id":5086,"href":"https:\/\/madawaytours.com\/fr\/wp-json\/wp\/v2\/pages\/5073\/revisions\/5086"}],"wp:attachment":[{"href":"https:\/\/madawaytours.com\/fr\/wp-json\/wp\/v2\/media?parent=5073"}],"curies":[{"name":"wp","href":"https:\/\/api.w.org\/{rel}","templated":true}]}}