{"id":3449,"date":"2020-01-29T23:27:23","date_gmt":"2020-01-29T22:27:23","guid":{"rendered":"https:\/\/madawaytours.com\/?page_id=3449"},"modified":"2020-07-07T10:50:40","modified_gmt":"2020-07-07T08:50:40","slug":"immersioni","status":"publish","type":"page","link":"https:\/\/madawaytours.com\/it\/immersioni\/","title":{"rendered":"Immersioni"},"content":{"rendered":"<p>[vc_row row_type=&#8221;row&#8221; use_row_as_full_screen_section=&#8221;no&#8221; type=&#8221;grid&#8221; oblique_section=&#8221;no&#8221; text_align=&#8221;left&#8221; css_animation=&#8221;&#8221; box_shadow_on_row=&#8221;no&#8221;][vc_column][vc_empty_space height=&#8221;50px&#8221; image_repeat=&#8221;no-repeat&#8221;][vc_column_text]<\/p>\n<h4 style=\"text-align: center;\">TRA I CORALLI PI\u00d9 BELLI E I PESCI PI\u00d9 COLORATI<\/h4>\n<p>[\/vc_column_text][vc_empty_space height=&#8221;50px&#8221; image_repeat=&#8221;no-repeat&#8221;][vc_single_image image=&#8221;3461&#8243; img_size=&#8221;full&#8221; alignment=&#8221;center&#8221; qode_css_animation=&#8221;&#8221;][vc_empty_space height=&#8221;50px&#8221; image_repeat=&#8221;no-repeat&#8221;][vc_column_text]<\/p>\n<p class=\"p1\">Quando parliamo di subacquea, in Madagascar, preferiamo dare ampio spazio a Nosy Be e del suo ricco e variegato arcipelago, situato nel canale del Mozambico, a pochi km dalla costa. Un vero e proprio paradiso tropicale, dove la natura \u00e8 ancora selvaggia e non ancora conosciuto dalla grande massa, con tanti fantastici spot per praticare la subacquea nelle calde acque dell\u2019Oceano Indiano. I Centri di Diving con cui collaboriamo sono tanti e a seconda della dislocazione delle strutture alberghiere da voi scelte, alcuni a gestione italiana, altri a gestione francese, tutti altamente qualificati per rispondere ai subacquei pi\u00f9 esigenti.<\/p>\n<p>[\/vc_column_text][vc_empty_space height=&#8221;100px&#8221; image_repeat=&#8221;no-repeat&#8221;][\/vc_column][\/vc_row][vc_row row_type=&#8221;row&#8221; use_row_as_full_screen_section=&#8221;no&#8221; type=&#8221;grid&#8221; oblique_section=&#8221;no&#8221; text_align=&#8221;left&#8221; css_animation=&#8221;&#8221; box_shadow_on_row=&#8221;no&#8221;][vc_column width=&#8221;1\/3&#8243;][vc_column_text]<\/p>\n<h4 style=\"text-align: center;\">ARCIPELAGO MITSIO<\/h4>\n<p>[\/vc_column_text][vc_empty_space height=&#8221;50px&#8221; image_repeat=&#8221;no-repeat&#8221;][vc_column_text]<\/p>\n<div class=\"page-header\">\n<p>Periodo consigliato: da Ottobre a Giugno<br \/>\nTemperatura dell\u2019acqua: 25 &#8211; 30\u00b0<br \/>\nVisibilit\u00e0: buona<br \/>\nProfondita di immersioni: 15 &#8211; 40 metri<\/p>\n<p>&nbsp;<\/p>\n<\/div>\n<p><strong>Giorno 1<br \/>\n<\/strong>Partenza per le isole Mitsio in prima mattina.<br \/>\nSosta ai pinnacoli \u201cLes T\u00e9tons\u201d per un immersione poi partenza per il bagno di Marimb\u00e9 nella grande Mitsio.<br \/>\nCena e pernottamento a bordo.<\/p>\n<p>&nbsp;<\/p>\n<p><strong>Giorno 2<br \/>\n<\/strong>Partenza per una prima immersione alle \u201cGrandes Orgues\u201d proseguimento per Ankar\u00e9a.<br \/>\nPranzo e immersione ad Ankarea.<br \/>\nRitorno alla Grande Mitsio.<br \/>\nCena e pernottamento a bordo.<\/p>\n<p>&nbsp;<\/p>\n<p><strong>Giorno 3<br \/>\n<\/strong>Partenza verso Nord per Nosy Lava.<br \/>\nGiornata sull\u2019isola, due immersioni in diversi siti.<br \/>\nCena e pernottamento sull\u2019isola o a bordo, secondo condizioni metereologiche.<\/p>\n<p>&nbsp;<\/p>\n<p><strong>Giorno 5<br \/>\n<\/strong>Partenza in direzione Ovest per \u00ab Castor Showl \u00bb.<br \/>\nDue immersioni sulla barriera corallina.<br \/>\nNel tardo pomeriggio ritorno ed ancoraggio alla Grande Mitsio.<br \/>\nCena e pernottamento a bordo.<\/p>\n<p>&nbsp;<\/p>\n<p><strong>Giorno 5<br \/>\n<\/strong>Partenza per \u201cles Quatre Fr\u00e8res\u201d, dove ci sono diversi siti di immersione.<br \/>\nDue immersioni previste, nel tardo pomeriggio partenza per Nosy Sakatia.<br \/>\nCena e pernottamento a bordo.<\/p>\n<p>&nbsp;<\/p>\n<p><strong>Giorno 6<br \/>\n<\/strong>Immersione al \u201cBanco des Licornes\u201d, pranzo a bordo. Partenza per Nosy be e trasferimento al Hotel.[\/vc_column_text][vc_empty_space height=&#8221;50px&#8221; image_repeat=&#8221;no-repeat&#8221;][\/vc_column][vc_column width=&#8221;1\/3&#8243;][vc_column_text]<\/p>\n<h4 style=\"text-align: center;\">CAPO ST. SEBASTIEN<\/h4>\n<p>[\/vc_column_text][vc_empty_space height=&#8221;50px&#8221; image_repeat=&#8221;no-repeat&#8221;][vc_column_text]<\/p>\n<div class=\"page-header\">\n<p>Periodo consigliato: da Ottobre a Giugno<br \/>\nTemperatura dell\u2019acqua: 25 &#8211; 30\u00b0<br \/>\nVisibilit\u00e0: buona<br \/>\nProfondit\u00e0 di immersioni: 15 &#8211; 40 metri<\/p>\n<p>&nbsp;<\/p>\n<p><strong>Giorno 1<br \/>\n<\/strong>Imbarco dopo pranzo e partenza per una navigazione notturna, diretta a \u00ab le Cap St S\u00e9bastien \u00bb a 70 miles.<br \/>\nD\u00eener et nuit au mouillage.<\/p>\n<p>&nbsp;<\/p>\n<p><strong>Giorno 2<\/strong><br \/>\nAncoraggio al Cap St S\u00e9bastien. Il programma delle immersioni sar\u00e0 organizzato in loco ed in funzione delle maree e correnti. Tra le diverse immersioni, si scender\u00e0 ai piedi delle scogliere mbamonetsimani, sito ricco di pesci, enormi coralli e dove si trovano in quantit\u00e0: ricciole, tonni, unicorni, chirurghi, squali occasionali e alcuni grandi cernie e immersione alle rocce di Yang-Tse, a met\u00e0 strada tra due isole con bellissimi coralli e innumerevoli pesci.<br \/>\nCena e pernottamento a bordo.<\/p>\n<p>&nbsp;<\/p>\n<p><strong>Giorno 3<\/strong><br \/>\nCap St S\u00e9bastien. Immersione nelle scogliere d\u2019Ambasavaka: squali, cernie e pesci di varie specie.<br \/>\nNavigazione verso le isole Lakandava a 20 miglia a nord. Immersione nel pomeriggio sulle scogliere a 15m di profondit\u00e0, variet\u00e0 di pesci, coralli, etc.<br \/>\nCena e pernottamento a bordo.<\/p>\n<p>&nbsp;<\/p>\n<p><strong>Giorno 4<\/strong> Immersione alla secca a sud de Lakandava, di 800m di lunghezza su 20m di profondit\u00e0. Variet\u00e0 di corallo molle e moltitudini di pesci. Nel pomeriggio, navigazione verso Nosy Hao al Nord. Immersione nel canale tra l&#8217;isola e la barriera corallina interna. Secca di 70m di profondit\u00e0. Giganti pelagici, napoleoni, squali &#8230;<br \/>\nCena e pernottamento a bordo.<\/p>\n<p>&nbsp;<\/p>\n<p><strong>Giorno 5<br \/>\n<\/strong>Immersione al Nord del Nosy Hao sul versante a largo della barriera corallina. Navigazione verso Lakandava\u00a0 Sud, al Lion Shoal, immersione meno profonda, particolarmente impressionante per i suoi grandi \u201cbanchi di Wahoo\u201d, fucilieri, jack e variet\u00e0 di coralli duri.<br \/>\nCena e pernottamento a bordo.<\/p>\n<p>&nbsp;<\/p>\n<p><strong>Giorno 6<\/strong><br \/>\nNavigazione verso Sud Cap St S\u00e9bastien e immersione sulla scogliera Kalomisamba. Si tratta di due scogli collegati da una grotta: squali, tartarughe, trevally giganti, cernie e varie specie di pesci di barriera corallina. Nel pomeriggio, immersione nella barriera corallina Mananono, incontro abituale con due squali di sabbia, oltre che grandi quantit\u00e0 e variet\u00e0 di pesci.<br \/>\nCena e pernottamento a bordo.<\/p>\n<p>&nbsp;<\/p>\n<p><strong>Giorno 7:<\/strong>\u00a0partenza in prima mattina per il Banco di \u00ab Petit Castor\u201d a 35 miglia al largo delle Mitsio, una superba immersione, un banco aperto verso il mare particolaremente interessante per le sue variet\u00e0 di pesci e coralli. Navigazione verso \u201cLes 4 fr\u00e8res\u201d (arcipelago delle Mitsio). Una divertente immersione su una di queste rocce, situate a 250m sul livello del mare e con interessanti siti di immersione a 20m di profondit\u00e0, spesso con banchi di pesci di decine di migliaia, tartarughe, barracuda, carangidi, ecc.<br \/>\nCena e pernottamento a bordo.<\/p>\n<p><strong>Giorno 8:<\/strong>\u00a0Ritorno a Nosy be o Nosy Sakatia.<\/p>\n<\/div>\n<p>[\/vc_column_text][\/vc_column][vc_column width=&#8221;1\/3&#8243;][vc_column_text]<\/p>\n<h4 style=\"text-align: center;\">ARCIPELAGO RADAMA<\/h4>\n<p>[\/vc_column_text][vc_empty_space height=&#8221;50px&#8221; image_repeat=&#8221;no-repeat&#8221;][vc_column_text]<\/p>\n<div class=\"page-header\">\n<div class=\"page-header\">\n<p>Periodo consigliato: da Ottobre a Giugno<br \/>\nTemperatura dell\u2019acqua: 25 &#8211; 30\u00b0<br \/>\nVisibilit\u00e0: a seconda delle stagioni da media a chiara<br \/>\nProfondit\u00e0 di immersioni: 15 &#8211; 55 metri<\/p>\n<\/div>\n<p>&nbsp;<\/p>\n<p><strong>Giorno 1<\/strong><br \/>\npartenza in direzione della riserva subacquea di Tanikely per una prima immersione test: grande variet\u00e0 di coralli, grosse cernie, squali chitarra, razze, mante, tartarughe. Seconda immersione: discesa fino a 22 metri tra grandi blocchi di corallo, arrivo sui banchi di gorgonie biance, squali a pinna bianca, tartarughe.<br \/>\nNavigazione verso la Baia dei Russi.<br \/>\nCena e pernottamento a bordo.<\/p>\n<p>&nbsp;<\/p>\n<p><strong>Giorno 2<\/strong><br \/>\nPartenza presto in direzione della prima Isola Kalakajoro, principale base di immersione delle Radama : due immersione in secca.<br \/>\nCena e pernottamento sull\u2019isola o a bordo.<\/p>\n<p>&nbsp;<\/p>\n<p><strong>Giorno 3<\/strong><br \/>\nNavigazione in direzione di \u00ab Greg\u2019s Wall \u00bb, sito pi\u00f9 ricercato per la sua diversit\u00e0 di flora e fauna subacquea : due immersioni sul versante e in grotta. La sera ritorno a Kalakajoro.<br \/>\nCena e pernottamento.<\/p>\n<p>&nbsp;<\/p>\n<p><strong>Giorno 4<\/strong><br \/>\nPartenza alla scoperta di \u00ab Black Wall \u00bb, una foresta impressionante di corallo nero abitati da pesci pelagici.<br \/>\nCena e pernottamento a Antany Mora.<\/p>\n<p>&nbsp;<\/p>\n<p><strong>Giorno 5<\/strong><br \/>\nIn mattinata, due immersioni poco profonde su una piana di corallo abitata da grosse cernie e squali balena.<br \/>\nCena e pernottamento a Antany Mora.<\/p>\n<p>&nbsp;<\/p>\n<p><strong>Giorno 6<\/strong><br \/>\nPartenza all\u2019alba per Nosy Kivinjy, detto il Pan di Zucchero, due immersioni.<br \/>\nCena e pernottamento alla Baia dei Russi.<\/p>\n<p>&nbsp;<\/p>\n<p><strong>Giorno 7<\/strong><br \/>\nPartenza\u00a0 per Nosy be, due immersioni al sito \u00ab Banco di 5 metri \u00bb alla ricerca di squali balena e mante. Pranzo e navigazione verso Nosy be.<br \/>\nSbarco nel tardo pomeriggio.<\/p>\n<\/div>\n<p>[\/vc_column_text][\/vc_column][\/vc_row][vc_row row_type=&#8221;row&#8221; use_row_as_full_screen_section=&#8221;no&#8221; type=&#8221;grid&#8221; oblique_section=&#8221;no&#8221; text_align=&#8221;left&#8221; css_animation=&#8221;&#8221; box_shadow_on_row=&#8221;no&#8221;][vc_column width=&#8221;1\/3&#8243;][vc_empty_space height=&#8221;100px&#8221; image_repeat=&#8221;no-repeat&#8221;][vc_single_image image=&#8221;3455&#8243; img_size=&#8221;large&#8221; alignment=&#8221;center&#8221; onclick=&#8221;link_image&#8221; qode_css_animation=&#8221;&#8221;][vc_empty_space height=&#8221;100px&#8221; image_repeat=&#8221;no-repeat&#8221;][\/vc_column][vc_column width=&#8221;1\/3&#8243;][vc_empty_space height=&#8221;100px&#8221; image_repeat=&#8221;no-repeat&#8221;][vc_single_image image=&#8221;3274&#8243; img_size=&#8221;large&#8221; alignment=&#8221;center&#8221; onclick=&#8221;link_image&#8221; qode_css_animation=&#8221;&#8221;][vc_empty_space height=&#8221;100px&#8221; image_repeat=&#8221;no-repeat&#8221;][\/vc_column][vc_column width=&#8221;1\/3&#8243;][vc_empty_space height=&#8221;100px&#8221; image_repeat=&#8221;no-repeat&#8221;][vc_single_image image=&#8221;3458&#8243; img_size=&#8221;large&#8221; alignment=&#8221;center&#8221; onclick=&#8221;link_image&#8221; qode_css_animation=&#8221;&#8221;][vc_empty_space height=&#8221;100px&#8221; image_repeat=&#8221;no-repeat&#8221;][\/vc_column][\/vc_row][vc_row row_type=&#8221;row&#8221; use_row_as_full_screen_section=&#8221;no&#8221; type=&#8221;grid&#8221; oblique_section=&#8221;no&#8221; text_align=&#8221;left&#8221; css_animation=&#8221;&#8221; box_shadow_on_row=&#8221;no&#8221;][vc_column width=&#8221;1\/3&#8243;][vc_column_text]<\/p>\n<p class=\"p1\"><strong><span class=\"s1\">RELITTI<br \/>\n<\/span><\/strong>Situato al largo di Nosy Be ad una profondit\u00e0 di circa 26-29 metri, sito con 4 relitti di piccola e media grandezza, coralli che ospitano numerose tipologie di pesci, cernie giganti, squali chitarra, squali leopardo, banchi di carangidi, barracuda, ecc.. Visibilit\u00e0 media, ottimo sito per chi ama immergersi tra i relitti.<\/p>\n<p>[\/vc_column_text][vc_empty_space height=&#8221;50px&#8221; image_repeat=&#8221;no-repeat&#8221;][vc_column_text]<\/p>\n<p class=\"p1\"><strong>MADREPORE<\/strong><br \/>\nAd una profondit\u00e0 di 20-23 metri, superbo campo di gorgonie, barriera corallina coperta di madrepore. Possibilit\u00e0 d\u2019incontrare il piccolo squalo a pinna bianca, tartarughe, pesci coccodrillo e pesce scorpione.<\/p>\n<p>[\/vc_column_text][vc_empty_space height=&#8221;50px&#8221; image_repeat=&#8221;no-repeat&#8221;][\/vc_column][vc_column width=&#8221;1\/3&#8243;][vc_column_text]<\/p>\n<p class=\"p1\"><strong><span class=\"s1\">GORGONIE<br \/>\n<\/span><\/strong>Ad una profondit\u00e0 di 13-20 metri, su fondo sabbioso, centinaia di enormi gorgonie, tartarughe, ippocampi, pesci coccodrillo, razze a macchie. Ci avventuriamo in un paesaggio atipico che da l\u2019idea di entrare in un\u2019opera d\u2019arte!<\/p>\n<p>[\/vc_column_text][vc_empty_space height=&#8221;50px&#8221; image_repeat=&#8221;no-repeat&#8221;][vc_column_text]<\/p>\n<p class=\"p1\"><strong><span class=\"s1\">BANC DE L&#8217;ENTREE EXTERIEUR<br \/>\n<\/span><\/strong>Sito situato a 23 km da Nosy Be (50 minuti in barca veloce), in caduta (pendenza dolce) da 18 a 60 metri, luogo d&#8217;incontro con pesce pelagici (tonni, barracuda, sgombri, ecc..) squali, pinna bianca di barriera, squalo grigio, squalo martello e squalo leopardo. Uno dei punti d\u2019immersioni \u00a0pi\u00f9 belli dell\u2019arcipelago di Nosy Be. Visibilit\u00e0 buona quasi tutto l\u2019anno.<\/p>\n<p>[\/vc_column_text][vc_empty_space height=&#8221;50px&#8221; image_repeat=&#8221;no-repeat&#8221;][\/vc_column][vc_column width=&#8221;1\/3&#8243;][vc_column_text]<\/p>\n<p class=\"p1\"><strong><span class=\"s1\">SHARK POINT<br \/>\n<\/span><\/strong>Lontano dalle coste di Nosy Be ad una profondit\u00e0 di 18 -50 metri, generalmente con una visibilit\u00e0 fino a 40 metri si trova una barriera corallina intatta con pesce pelagico e squali: squali balena, balene che si incontrano spesso tra un&#8217;immersione e l\u2019altra, squali a coda nera, squali grigi, squali a pinna bianca di barriera, squali martello inoffensivi, razze, manta e molto altro ancora.<\/p>\n<p>[\/vc_column_text][vc_empty_space height=&#8221;50px&#8221; image_repeat=&#8221;no-repeat&#8221;][vc_column_text]<\/p>\n<p class=\"p1\"><strong>E MOLTO ALTRO&#8230;<\/strong><br \/>\nInoltre tanti altri siti per immersioni di alta qualit\u00e0 a Nosy Iranja, Nosy Tanikely, Nosy Komba e Nosy Sakatia. Queste sono alcuni dei di siti d\u2019immersione presenti nell\u2019arcipelago di Nosy Be che vi attendono!<\/p>\n<p>[\/vc_column_text][vc_empty_space height=&#8221;50px&#8221; image_repeat=&#8221;no-repeat&#8221;][\/vc_column][\/vc_row][vc_row row_type=&#8221;row&#8221; use_row_as_full_screen_section=&#8221;no&#8221; type=&#8221;grid&#8221; oblique_section=&#8221;no&#8221; text_align=&#8221;center&#8221; css_animation=&#8221;&#8221; box_shadow_on_row=&#8221;no&#8221;][vc_column][vc_empty_space height=&#8221;100px&#8221; image_repeat=&#8221;no-repeat&#8221;]<a href=\"mailto:madaway.tours@gmail.com\" target=\"_blank\"  class=\"qbutton  icon_right\" style=\"\">CONTATTACI<\/a>[vc_empty_space height=&#8221;100px&#8221; image_repeat=&#8221;no-repeat&#8221;][\/vc_column][\/vc_row]<\/p>\n","protected":false},"excerpt":{"rendered":"<p>[vc_row row_type=&#8221;row&#8221; use_row_as_full_screen_section=&#8221;no&#8221; type=&#8221;grid&#8221; oblique_section=&#8221;no&#8221; text_align=&#8221;left&#8221; css_animation=&#8221;&#8221; box_shadow_on_row=&#8221;no&#8221;][vc_column][vc_empty_space height=&#8221;50px&#8221; image_repeat=&#8221;no-repeat&#8221;][vc_column_text] TRA I CORALLI PI\u00d9 BELLI E I PESCI PI\u00d9 COLORATI [\/vc_column_text][vc_empty_space height=&#8221;50px&#8221; image_repeat=&#8221;no-repeat&#8221;][vc_single_image image=&#8221;3461&#8243; img_size=&#8221;full&#8221; alignment=&#8221;center&#8221; qode_css_animation=&#8221;&#8221;][vc_empty_space height=&#8221;50px&#8221; image_repeat=&#8221;no-repeat&#8221;][vc_column_text] Quando parliamo di subacquea, in Madagascar, preferiamo dare ampio spazio a Nosy Be e del suo&#8230;<\/p>\n","protected":false},"author":4,"featured_media":0,"parent":0,"menu_order":0,"comment_status":"closed","ping_status":"closed","template":"full_width.php","meta":{"footnotes":""},"class_list":["post-3449","page","type-page","status-publish","hentry"],"_links":{"self":[{"href":"https:\/\/madawaytours.com\/it\/wp-json\/wp\/v2\/pages\/3449"}],"collection":[{"href":"https:\/\/madawaytours.com\/it\/wp-json\/wp\/v2\/pages"}],"about":[{"href":"https:\/\/madawaytours.com\/it\/wp-json\/wp\/v2\/types\/page"}],"author":[{"embeddable":true,"href":"https:\/\/madawaytours.com\/it\/wp-json\/wp\/v2\/users\/4"}],"replies":[{"embeddable":true,"href":"https:\/\/madawaytours.com\/it\/wp-json\/wp\/v2\/comments?post=3449"}],"version-history":[{"count":27,"href":"https:\/\/madawaytours.com\/it\/wp-json\/wp\/v2\/pages\/3449\/revisions"}],"predecessor-version":[{"id":4699,"href":"https:\/\/madawaytours.com\/it\/wp-json\/wp\/v2\/pages\/3449\/revisions\/4699"}],"wp:attachment":[{"href":"https:\/\/madawaytours.com\/it\/wp-json\/wp\/v2\/media?parent=3449"}],"curies":[{"name":"wp","href":"https:\/\/api.w.org\/{rel}","templated":true}]}}