{"id":5092,"date":"2025-03-18T16:11:57","date_gmt":"2025-03-18T15:11:57","guid":{"rendered":"https:\/\/madawaytours.com\/?page_id=5092"},"modified":"2025-03-18T16:11:57","modified_gmt":"2025-03-18T15:11:57","slug":"sostenibilita","status":"publish","type":"page","link":"https:\/\/madawaytours.com\/it\/sostenibilita\/","title":{"rendered":"Sostenibilit\u00e0"},"content":{"rendered":"<p>LA NOSTRA MISSIONE<\/p>\n<p>A Madaway Tours, il nostro obiettivo \u00e8 semplice: cambiare il modo in cui le persone percepiscono il Madagascar, mettendo in evidenza la bellezza naturale e la cultura dell&#8217;isola, rispettando al contempo i principi di sostenibilit\u00e0. Vogliamo che ogni viaggio abbia un impatto positivo, proprio come fanno gli abitanti del Madagascar con la loro incredibile arte del riciclo e del riutilizzo.<\/p>\n<p>Crediamo che, come attori del turismo responsabile, dobbiamo anche reinventare il nostro modo di comunicare. Ci impegniamo ad essere pi\u00f9 etici, inclusivi e trasparenti in tutte le nostre azioni, evitando il greenwashing e sostenendo un approccio autentico.<\/p>\n<p>A Madaway Tours, promuoviamo la diversit\u00e0, l&#8217;equit\u00e0 e l&#8217;integrazione culturale, onorando le tradizioni locali e rispettando le comunit\u00e0. Promuoviamo esperienze etiche e sicure, garantendo che le nostre azioni non siano mai dannose per gli abitanti o per l&#8217;ambiente. Rifiutiamo qualsiasi forma di neocolonialismo e ci assicuriamo che le comunit\u00e0 locali siano rappresentate in modo rispettoso e valorizzante.<\/p>\n<p>Crediamo anche che il turismo possa essere un motore di cambiamento positivo, creando un vero senso di appartenenza e rispetto. Le nostre collaborazioni con i villaggi locali celebrano la diversit\u00e0 di prospettive e competenze.<\/p>\n<p>Infine, ci impegniamo a rispettare un&#8217;etica rigorosa nel marketing digitale e a proteggere la privacy dei nostri clienti. Non venderemo n\u00e9 abuseremo dei loro dati, e rifiutiamo attivamente contenuti e pubblicit\u00e0 digitali che non rispettano i nostri valori.<\/p>\n<p>Siamo convinti che il turismo responsabile sia possibile e che ogni viaggio possa avere un impatto positivo.<\/p>\n<p><a href=\"https:\/\/madawaytours.com\/wp-content\/uploads\/2025\/03\/Politica-di-Sostenibilita.pdf\">Politica di Sostenibilit\u00e0<\/a><\/p>\n","protected":false},"excerpt":{"rendered":"<p>LA NOSTRA MISSIONE A Madaway Tours, il nostro obiettivo \u00e8 semplice: cambiare il modo in cui le persone percepiscono il Madagascar, mettendo in evidenza la bellezza naturale e la cultura dell&#8217;isola, rispettando al contempo i principi di sostenibilit\u00e0. Vogliamo che ogni viaggio abbia un impatto&#8230;<\/p>\n","protected":false},"author":4,"featured_media":0,"parent":0,"menu_order":0,"comment_status":"closed","ping_status":"closed","template":"","meta":{"footnotes":""},"class_list":["post-5092","page","type-page","status-publish","hentry"],"_links":{"self":[{"href":"https:\/\/madawaytours.com\/it\/wp-json\/wp\/v2\/pages\/5092"}],"collection":[{"href":"https:\/\/madawaytours.com\/it\/wp-json\/wp\/v2\/pages"}],"about":[{"href":"https:\/\/madawaytours.com\/it\/wp-json\/wp\/v2\/types\/page"}],"author":[{"embeddable":true,"href":"https:\/\/madawaytours.com\/it\/wp-json\/wp\/v2\/users\/4"}],"replies":[{"embeddable":true,"href":"https:\/\/madawaytours.com\/it\/wp-json\/wp\/v2\/comments?post=5092"}],"version-history":[{"count":2,"href":"https:\/\/madawaytours.com\/it\/wp-json\/wp\/v2\/pages\/5092\/revisions"}],"predecessor-version":[{"id":5097,"href":"https:\/\/madawaytours.com\/it\/wp-json\/wp\/v2\/pages\/5092\/revisions\/5097"}],"wp:attachment":[{"href":"https:\/\/madawaytours.com\/it\/wp-json\/wp\/v2\/media?parent=5092"}],"curies":[{"name":"wp","href":"https:\/\/api.w.org\/{rel}","templated":true}]}}